

{"id":15167,"date":"2025-03-17T14:45:28","date_gmt":"2025-03-17T13:45:28","guid":{"rendered":"https:\/\/v2.breeziful.com\/?page_id=15167"},"modified":"2025-03-17T14:57:20","modified_gmt":"2025-03-17T13:57:20","slug":"assurance","status":"publish","type":"page","link":"https:\/\/v2.breeziful.com\/en\/assurance\/","title":{"rendered":"Insurance"},"content":{"rendered":"\t\t<div data-elementor-type=\"wp-post\" data-elementor-id=\"15167\" class=\"elementor elementor-15167\" data-elementor-post-type=\"page\">\n\t\t\t\t<div class=\"elementor-element elementor-element-59ff88f e-con-full e-flex wpr-particle-no wpr-jarallax-no wpr-parallax-no wpr-sticky-section-no wpr-column-slider-no wpr-equal-height-no e-con e-parent\" data-id=\"59ff88f\" data-element_type=\"container\" data-e-type=\"container\" id=\"imagesection\" data-settings=\"{&quot;background_background&quot;:&quot;classic&quot;}\">\n\t\t\t\t<\/div>\n\t\t<div class=\"elementor-element elementor-element-e5e23e9 e-flex e-con-boxed wpr-particle-no wpr-jarallax-no wpr-parallax-no wpr-sticky-section-no wpr-column-slider-no wpr-equal-height-no e-con e-parent\" data-id=\"e5e23e9\" data-element_type=\"container\" data-e-type=\"container\">\n\t\t\t\t\t<div class=\"e-con-inner\">\n\t\t\t\t<div class=\"elementor-element elementor-element-11ca1bc elementor-widget elementor-widget-spacer\" data-id=\"11ca1bc\" data-element_type=\"widget\" data-e-type=\"widget\" data-widget_type=\"spacer.default\">\n\t\t\t\t<div class=\"elementor-widget-container\">\n\t\t\t\t\t\t\t<div class=\"elementor-spacer\">\n\t\t\t<div class=\"elementor-spacer-inner\"><\/div>\n\t\t<\/div>\n\t\t\t\t\t\t<\/div>\n\t\t\t\t<\/div>\n\t\t\t\t<div class=\"elementor-element elementor-element-2296d43 elementor-widget elementor-widget-heading\" data-id=\"2296d43\" data-element_type=\"widget\" data-e-type=\"widget\" data-widget_type=\"heading.default\">\n\t\t\t\t<div class=\"elementor-widget-container\">\n\t\t\t\t\t<h2 class=\"elementor-heading-title elementor-size-default\">Assurance Voyage - Breeziful\n<\/h2>\t\t\t\t<\/div>\n\t\t\t\t<\/div>\n\t\t\t\t<div class=\"elementor-element elementor-element-32bab19 elementor-widget elementor-widget-text-editor\" data-id=\"32bab19\" data-element_type=\"widget\" data-e-type=\"widget\" data-widget_type=\"text-editor.default\">\n\t\t\t\t<div class=\"elementor-widget-container\">\n\t\t\t\t\t\t\t\t\t<p>(En partenariat avec Chapka Assurances)<\/p>\t\t\t\t\t\t\t\t<\/div>\n\t\t\t\t<\/div>\n\t\t\t\t\t<\/div>\n\t\t\t\t<\/div>\n\t\t\t\t<section class=\"elementor-section elementor-top-section elementor-element elementor-element-ced9ddc elementor-section-full_width elementor-section-height-default elementor-section-height-default wpr-particle-no wpr-jarallax-no wpr-parallax-no wpr-sticky-section-no wpr-column-slider-no wpr-equal-height-no\" data-id=\"ced9ddc\" data-element_type=\"section\" data-e-type=\"section\">\n\t\t\t\t\t\t<div class=\"elementor-container elementor-column-gap-no\">\n\t\t\t\t\t<div class=\"elementor-column elementor-col-50 elementor-top-column elementor-element elementor-element-6aa3531\" data-id=\"6aa3531\" data-element_type=\"column\" data-e-type=\"column\">\n\t\t\t<div class=\"elementor-widget-wrap elementor-element-populated\">\n\t\t\t\t\t\t<div class=\"elementor-element elementor-element-c0667c7 elementor-widget elementor-widget-text-editor\" data-id=\"c0667c7\" data-element_type=\"widget\" data-e-type=\"widget\" data-widget_type=\"text-editor.default\">\n\t\t\t\t<div class=\"elementor-widget-container\">\n\t\t\t\t\t\t\t\t\t<h2 data-start=\"96\" data-end=\"146\"><strong data-start=\"99\" data-end=\"144\">Pourquoi souscrire une assurance voyage ?<\/strong><\/h2><p data-start=\"147\" data-end=\"441\">Un voyage bien pr\u00e9par\u00e9, c\u2019est aussi anticiper les impr\u00e9vus. Que ce soit pour une <strong data-start=\"228\" data-end=\"261\">annulation de derni\u00e8re minute<\/strong>, un <strong data-start=\"266\" data-end=\"300\">probl\u00e8me de sant\u00e9 \u00e0 l\u2019\u00e9tranger<\/strong>, un <strong data-start=\"305\" data-end=\"322\">retard de vol<\/strong> ou encore une <strong data-start=\"337\" data-end=\"357\">perte de bagages<\/strong>, une bonne assurance voyage vous prot\u00e8ge et vous permet de partir l\u2019esprit l\u00e9ger.<\/p><p data-start=\"443\" data-end=\"568\">Gr\u00e2ce \u00e0 notre partenariat avec <strong data-start=\"474\" data-end=\"495\">Chapka Assurances<\/strong>, nous vous proposons une couverture compl\u00e8te et adapt\u00e9e \u00e0 vos besoins.<\/p>\t\t\t\t\t\t\t\t<\/div>\n\t\t\t\t<\/div>\n\t\t\t\t<div class=\"elementor-element elementor-element-1021ed3 elementor-widget elementor-widget-text-editor\" data-id=\"1021ed3\" data-element_type=\"widget\" data-e-type=\"widget\" data-widget_type=\"text-editor.default\">\n\t\t\t\t<div class=\"elementor-widget-container\">\n\t\t\t\t\t\t\t\t\t<p>Vous pouvez \u00e9galement nous suivre sur les r\u00e9seaux sociaux pour rester inform\u00e9 de nos derni\u00e8res nouvelles et offres exclusives:<\/p>\t\t\t\t\t\t\t\t<\/div>\n\t\t\t\t<\/div>\n\t\t\t\t\t<\/div>\n\t\t<\/div>\n\t\t\t\t<div class=\"elementor-column elementor-col-50 elementor-top-column elementor-element elementor-element-401afd7\" data-id=\"401afd7\" data-element_type=\"column\" data-e-type=\"column\">\n\t\t\t<div class=\"elementor-widget-wrap elementor-element-populated\">\n\t\t\t\t\t\t<div class=\"elementor-element elementor-element-a218cc6 elementor-widget elementor-widget-image\" data-id=\"a218cc6\" data-element_type=\"widget\" data-e-type=\"widget\" data-widget_type=\"image.default\">\n\t\t\t\t<div class=\"elementor-widget-container\">\n\t\t\t\t\t\t\t\t\t\t\t\t\t\t\t<img fetchpriority=\"high\" decoding=\"async\" width=\"716\" height=\"282\" src=\"https:\/\/v2.breeziful.com\/wp-content\/uploads\/2025\/03\/Breezifulscreen-shot-2022-07-26-at-152355.png\" class=\"attachment-large size-large wp-image-15146\" alt=\"Breezifulscreen Shot 2022 07 26 At 152355\" srcset=\"https:\/\/v2.breeziful.com\/wp-content\/uploads\/2025\/03\/Breezifulscreen-shot-2022-07-26-at-152355.png 716w, https:\/\/v2.breeziful.com\/wp-content\/uploads\/2025\/03\/Breezifulscreen-shot-2022-07-26-at-152355-300x118.png 300w, https:\/\/v2.breeziful.com\/wp-content\/uploads\/2025\/03\/Breezifulscreen-shot-2022-07-26-at-152355-18x7.png 18w, https:\/\/v2.breeziful.com\/wp-content\/uploads\/2025\/03\/Breezifulscreen-shot-2022-07-26-at-152355-600x236.png 600w\" sizes=\"(max-width: 716px) 100vw, 716px\" \/>\t\t\t\t\t\t\t\t\t\t\t\t\t\t\t<\/div>\n\t\t\t\t<\/div>\n\t\t\t\t\t<\/div>\n\t\t<\/div>\n\t\t\t\t\t<\/div>\n\t\t<\/section>\n\t\t<div class=\"elementor-element elementor-element-d522b5c e-flex e-con-boxed wpr-particle-no wpr-jarallax-no wpr-parallax-no wpr-sticky-section-no wpr-column-slider-no wpr-equal-height-no e-con e-parent\" data-id=\"d522b5c\" data-element_type=\"container\" data-e-type=\"container\">\n\t\t\t\t\t<div class=\"e-con-inner\">\n\t\t\t\t<div class=\"elementor-element elementor-element-ecc5891 elementor-widget-divider--view-line elementor-widget elementor-widget-divider\" data-id=\"ecc5891\" data-element_type=\"widget\" data-e-type=\"widget\" data-widget_type=\"divider.default\">\n\t\t\t\t<div class=\"elementor-widget-container\">\n\t\t\t\t\t\t\t<div class=\"elementor-divider\">\n\t\t\t<span class=\"elementor-divider-separator\">\n\t\t\t\t\t\t<\/span>\n\t\t<\/div>\n\t\t\t\t\t\t<\/div>\n\t\t\t\t<\/div>\n\t\t\t\t<div class=\"elementor-element elementor-element-c5ead15 elementor-widget elementor-widget-heading\" data-id=\"c5ead15\" data-element_type=\"widget\" data-e-type=\"widget\" data-widget_type=\"heading.default\">\n\t\t\t\t<div class=\"elementor-widget-container\">\n\t\t\t\t\t<h2 class=\"elementor-heading-title elementor-size-default\">Nos solutions d'assurance avec Chapka<\/h2>\t\t\t\t<\/div>\n\t\t\t\t<\/div>\n\t\t\t\t\t<\/div>\n\t\t\t\t<\/div>\n\t\t<div class=\"elementor-element elementor-element-a543d9a e-flex e-con-boxed wpr-particle-no wpr-jarallax-no wpr-parallax-no wpr-sticky-section-no wpr-column-slider-no wpr-equal-height-no e-con e-parent\" data-id=\"a543d9a\" data-element_type=\"container\" data-e-type=\"container\">\n\t\t\t\t\t<div class=\"e-con-inner\">\n\t\t<div class=\"elementor-element elementor-element-bd5d876 e-con-full e-flex wpr-particle-no wpr-jarallax-no wpr-parallax-no wpr-sticky-section-no wpr-column-slider-no wpr-equal-height-no e-con e-child\" data-id=\"bd5d876\" data-element_type=\"container\" data-e-type=\"container\">\n\t\t\t\t<div class=\"elementor-element elementor-element-927ebd9 elementor-widget elementor-widget-text-editor\" data-id=\"927ebd9\" data-element_type=\"widget\" data-e-type=\"widget\" data-widget_type=\"text-editor.default\">\n\t\t\t\t<div class=\"elementor-widget-container\">\n\t\t\t\t\t\t\t\t\t<div class=\"draggable no-draggable-children sticky top-0 p-3 flex items-center justify-between z-10 h-header-height font-semibold bg-token-main-surface-primary motion-safe:transition-shadow max-md:hidden [box-shadow:var(--sharp-edge-top-shadow)]\"><div class=\"flex items-center gap-2 pr-1 leading-[0]\"><div class=\"flex w-full items-center justify-center gap-1.5\"><h3 data-start=\"623\" data-end=\"678\"><strong data-start=\"627\" data-end=\"676\">1. Cap Explorer \u2013 L\u2019assurance voyage compl\u00e8te<\/strong><\/h3><p data-start=\"679\" data-end=\"989\">\ud83d\udd39 <strong data-start=\"682\" data-end=\"734\">Frais m\u00e9dicaux et hospitalisation pris en charge<\/strong> (jusqu&#8217;\u00e0 300 000\u20ac aux USA et au Canada, sans franchise)<br data-start=\"790\" data-end=\"793\" \/>\ud83d\udd39 <strong data-start=\"796\" data-end=\"831\">Assistance et rapatriement 24\/7<\/strong><br data-start=\"831\" data-end=\"834\" \/>\ud83d\udd39 <strong data-start=\"837\" data-end=\"887\">Assurance annulation et interruption de s\u00e9jour<\/strong><br data-start=\"887\" data-end=\"890\" \/>\ud83d\udd39 <strong data-start=\"893\" data-end=\"936\">Protection des bagages et retard de vol<\/strong><br data-start=\"936\" data-end=\"939\" \/>\ud83d\udd39 <strong data-start=\"942\" data-end=\"987\">Tarif r\u00e9duit pour les groupes et familles<\/strong><\/p><p data-start=\"991\" data-end=\"1098\"><strong data-start=\"991\" data-end=\"1026\">\ud83d\udcb0 \u00c0 partir de 24\u20ac par personne<\/strong><br data-start=\"1026\" data-end=\"1029\" \/>\ud83d\udcc4 <a href=\"https:\/\/www.chapkadirect.fr\/index.php?action=produit&amp;id=824&amp;app=breeziful\"><strong data-start=\"1032\" data-end=\"1096\">Obtenir un devis \/ Souscrire<\/strong><\/a><\/p><\/div><\/div><\/div><div class=\"flex flex-1 grow basis-auto flex-col overflow-hidden\"><div class=\"relative h-full\"><div class=\"flex h-full flex-col overflow-y-auto [scrollbar-gutter:stable]\"><div class=\"mt-1.5 flex flex-col text-sm md:pb-9\"><article class=\"group\/turn w-full text-token-text-primary focus-visible:outline-2 focus-visible:outline-offset-[-4px]\" dir=\"auto\" data-testid=\"conversation-turn-15\" data-scroll-anchor=\"true\"><div class=\"text-base my-auto mx-auto py-[18px] px-6\"><div class=\"mx-auto flex flex-1 text-base gap-4 md:gap-5 lg:gap-6 md:max-w-3xl lg:max-w-[40rem] xl:max-w-[48rem]\"><div class=\"group\/conversation-turn relative flex w-full min-w-0 flex-col agent-turn @xs\/thread:px-0 @sm\/thread:px-1.5 @md\/thread:px-4\"><div class=\"flex-col gap-1 md:gap-3\"><div class=\"flex max-w-full flex-col flex-grow\"><div class=\"min-h-8 text-message relative flex w-full flex-col items-end gap-2 whitespace-normal break-words text-start [.text-message+&amp;]:mt-5\" dir=\"auto\" data-message-author-role=\"assistant\" data-message-id=\"191d3021-a5f3-4fd2-8544-14d1d8343e47\" data-message-model-slug=\"gpt-4o\"><div class=\"flex w-full flex-col gap-1 empty:hidden first:pt-[3px]\"><div class=\"markdown prose w-full break-words dark:prose-invert dark\"><p data-start=\"991\" data-end=\"1098\">\u00a0<\/p><\/div><\/div><\/div><\/div><\/div><\/div><\/div><\/div><\/article><\/div><\/div><\/div><\/div>\t\t\t\t\t\t\t\t<\/div>\n\t\t\t\t<\/div>\n\t\t\t\t<\/div>\n\t\t<div class=\"elementor-element elementor-element-a328090 e-con-full e-flex wpr-particle-no wpr-jarallax-no wpr-parallax-no wpr-sticky-section-no wpr-column-slider-no wpr-equal-height-no e-con e-child\" data-id=\"a328090\" data-element_type=\"container\" data-e-type=\"container\">\n\t\t\t\t<div class=\"elementor-element elementor-element-731105c elementor-widget elementor-widget-text-editor\" data-id=\"731105c\" data-element_type=\"widget\" data-e-type=\"widget\" data-widget_type=\"text-editor.default\">\n\t\t\t\t<div class=\"elementor-widget-container\">\n\t\t\t\t\t\t\t\t\t<h3 data-start=\"1105\" data-end=\"1169\"><strong data-start=\"1109\" data-end=\"1167\">2. Explorer&#8217;Annulation \u2013 Soyez couvert avant le d\u00e9part<\/strong><\/h3><p data-start=\"1170\" data-end=\"1314\">Cette assurance vous permet de r\u00e9cup\u00e9rer vos frais de voyage en cas d\u2019annulation pour des raisons m\u00e9dicales, professionnelles ou personnelles.<\/p><p data-start=\"1316\" data-end=\"1366\">\ud83d\udcb0 <strong data-start=\"1319\" data-end=\"1362\">Tarifs en fonction du montant du s\u00e9jour<\/strong> :<\/p><ul data-start=\"1367\" data-end=\"1519\"><li data-start=\"1367\" data-end=\"1416\">S\u00e9jour <strong data-start=\"1376\" data-end=\"1392\">jusqu\u2019\u00e0 600\u20ac<\/strong> \u2192 <strong data-start=\"1395\" data-end=\"1402\">32\u20ac<\/strong> d\u2019assurance<\/li><li data-start=\"1417\" data-end=\"1467\">S\u00e9jour <strong data-start=\"1426\" data-end=\"1443\">jusqu\u2019\u00e0 1300\u20ac<\/strong> \u2192 <strong data-start=\"1446\" data-end=\"1453\">48\u20ac<\/strong> d\u2019assurance<\/li><li data-start=\"1468\" data-end=\"1519\">S\u00e9jour <strong data-start=\"1477\" data-end=\"1494\">jusqu\u2019\u00e0 6000\u20ac<\/strong> \u2192 <strong data-start=\"1497\" data-end=\"1505\">179\u20ac<\/strong> d\u2019assurance<\/li><\/ul><p data-start=\"1521\" data-end=\"1595\">\ud83d\udcc4 <a href=\"https:\/\/www.chapkadirect.fr\/index.php?action=produit&amp;id=824&amp;app=breeziful\"><strong data-start=\"1524\" data-end=\"1593\">Voir tous les tarifs et souscrire<\/strong><\/a><\/p>\t\t\t\t\t\t\t\t<\/div>\n\t\t\t\t<\/div>\n\t\t\t\t<\/div>\n\t\t<div class=\"elementor-element elementor-element-9b18209 e-con-full e-flex wpr-particle-no wpr-jarallax-no wpr-parallax-no wpr-sticky-section-no wpr-column-slider-no wpr-equal-height-no e-con e-child\" data-id=\"9b18209\" data-element_type=\"container\" data-e-type=\"container\">\n\t\t\t\t<div class=\"elementor-element elementor-element-6ba59ac elementor-widget elementor-widget-text-editor\" data-id=\"6ba59ac\" data-element_type=\"widget\" data-e-type=\"widget\" data-widget_type=\"text-editor.default\">\n\t\t\t\t<div class=\"elementor-widget-container\">\n\t\t\t\t\t\t\t\t\t<h3 data-start=\"1602\" data-end=\"1653\"><strong data-start=\"1606\" data-end=\"1651\">3. Explorer&#8217;Compl\u00e9mentaire Carte Bancaire<\/strong><\/h3><p data-start=\"1654\" data-end=\"1873\">Vous avez une carte bancaire Gold ou Premium ? Cette assurance compl\u00e8te votre couverture bancaire pour offrir une <strong data-start=\"1768\" data-end=\"1870\">meilleure protection m\u00e9dicale, une assistance renforc\u00e9e et une couverture des bagages plus \u00e9tendue<\/strong>.<\/p><p data-start=\"1875\" data-end=\"1945\">\ud83d\udcc4 <a href=\"https:\/\/www.chapkadirect.fr\/index.php?action=produit&amp;id=824&amp;app=breeziful\"><strong data-start=\"1878\" data-end=\"1943\">Voir les d\u00e9tails et souscrire<\/strong><\/a><\/p>\t\t\t\t\t\t\t\t<\/div>\n\t\t\t\t<\/div>\n\t\t\t\t<\/div>\n\t\t\t\t\t<\/div>\n\t\t\t\t<\/div>\n\t\t\t\t<\/div>\n\t\t","protected":false},"excerpt":{"rendered":"<p>Need more information or want to work with Breeziful? Contact us if you have any questions about our offers, bookings or partnerships.<\/p>","protected":false},"author":1,"featured_media":0,"parent":0,"menu_order":0,"comment_status":"closed","ping_status":"closed","template":"elementor_header_footer","meta":{"_acf_changed":false,"footnotes":""},"class_list":["post-15167","page","type-page","status-publish","hentry"],"acf":[],"aioseo_notices":[],"_links":{"self":[{"href":"https:\/\/v2.breeziful.com\/en\/wp-json\/wp\/v2\/pages\/15167","targetHints":{"allow":["GET"]}}],"collection":[{"href":"https:\/\/v2.breeziful.com\/en\/wp-json\/wp\/v2\/pages"}],"about":[{"href":"https:\/\/v2.breeziful.com\/en\/wp-json\/wp\/v2\/types\/page"}],"author":[{"embeddable":true,"href":"https:\/\/v2.breeziful.com\/en\/wp-json\/wp\/v2\/users\/1"}],"replies":[{"embeddable":true,"href":"https:\/\/v2.breeziful.com\/en\/wp-json\/wp\/v2\/comments?post=15167"}],"version-history":[{"count":10,"href":"https:\/\/v2.breeziful.com\/en\/wp-json\/wp\/v2\/pages\/15167\/revisions"}],"predecessor-version":[{"id":15177,"href":"https:\/\/v2.breeziful.com\/en\/wp-json\/wp\/v2\/pages\/15167\/revisions\/15177"}],"wp:attachment":[{"href":"https:\/\/v2.breeziful.com\/en\/wp-json\/wp\/v2\/media?parent=15167"}],"curies":[{"name":"wp","href":"https:\/\/api.w.org\/{rel}","templated":true}]}}