

{"id":16,"date":"2019-07-04T12:14:29","date_gmt":"2019-07-04T12:14:29","guid":{"rendered":"https:\/\/ld-wp73.template-help.com\/wordpress\/prod_24901\/v4\/?page_id=16"},"modified":"2025-07-28T11:00:48","modified_gmt":"2025-07-28T09:00:48","slug":"contacts","status":"publish","type":"page","link":"https:\/\/v2.breeziful.com\/en\/contacts\/","title":{"rendered":"Contact Breeziful: Tourism Support &amp; Partnerships"},"content":{"rendered":"\t\t<div data-elementor-type=\"wp-post\" data-elementor-id=\"16\" class=\"elementor elementor-16\" data-elementor-post-type=\"page\">\n\t\t\t\t<div class=\"elementor-element elementor-element-59ff88f e-con-full e-flex wpr-particle-no wpr-jarallax-no wpr-parallax-no wpr-sticky-section-no wpr-column-slider-no wpr-equal-height-no e-con e-parent\" data-id=\"59ff88f\" data-element_type=\"container\" data-e-type=\"container\" id=\"imagesection\" data-settings=\"{&quot;background_background&quot;:&quot;classic&quot;}\">\n\t\t\t\t<\/div>\n\t\t<div class=\"elementor-element elementor-element-e5e23e9 e-flex e-con-boxed wpr-particle-no wpr-jarallax-no wpr-parallax-no wpr-sticky-section-no wpr-column-slider-no wpr-equal-height-no e-con e-parent\" data-id=\"e5e23e9\" data-element_type=\"container\" data-e-type=\"container\">\n\t\t\t\t\t<div class=\"e-con-inner\">\n\t\t\t\t<div class=\"elementor-element elementor-element-11ca1bc elementor-widget elementor-widget-spacer\" data-id=\"11ca1bc\" data-element_type=\"widget\" data-e-type=\"widget\" data-widget_type=\"spacer.default\">\n\t\t\t\t<div class=\"elementor-widget-container\">\n\t\t\t\t\t\t\t<div class=\"elementor-spacer\">\n\t\t\t<div class=\"elementor-spacer-inner\"><\/div>\n\t\t<\/div>\n\t\t\t\t\t\t<\/div>\n\t\t\t\t<\/div>\n\t\t\t\t<div class=\"elementor-element elementor-element-0051d83 elementor-widget elementor-widget-html\" data-id=\"0051d83\" data-element_type=\"widget\" data-e-type=\"widget\" data-widget_type=\"html.default\">\n\t\t\t\t<div class=\"elementor-widget-container\">\n\t\t\t\t\t<style>\r\n  @import url('https:\/\/fonts.googleapis.com\/css2?family=Playfair+Display:wght@500;700&family=Poppins:wght@400;600&display=swap');\r\n\r\n  .bloc-titre-contact {\r\n    padding: 20px 15px 0;\r\n  }\r\n\r\n  .titre-contact {\r\n    position: relative;\r\n    font-family: 'Playfair Display', serif;\r\n    font-size: clamp(2rem, 5vw, 3rem);\r\n    font-weight: 600;\r\n    margin-bottom: 10px;\r\n    text-align: center;\r\n    color: #222;\r\n  }\r\n\r\n  .titre-contact::after {\r\n    content: \"\";\r\n    display: block;\r\n    width: 80px;\r\n    height: 3px;\r\n    background-color: #25619B;\r\n    margin: 12px auto 0;\r\n    border-radius: 2px;\r\n  }\r\n\r\n  .sous-titre-contact {\r\n    text-align: center;\r\n    font-size: 1rem;\r\n    color: #555;\r\n    font-style: italic;\r\n    margin-top: 8px;\r\n    margin-bottom: 30px;\r\n    font-family: 'Poppins', sans-serif;\r\n    max-width: 700px;\r\n    margin-left: auto;\r\n    margin-right: auto;\r\n  }\r\n<\/style>\r\n\r\n<div class=\"bloc-titre-contact\">\r\n  <h1 class=\"titre-contact\">Contactez-nous<\/h1>\r\n  <p class=\"sous-titre-contact\">\r\n    Une question, une id\u00e9e, une collaboration ? L\u2019\u00e9quipe Breeziful est \u00e0 votre \u00e9coute.  \r\n    Parlez-nous de vous, de vos projets ou de vos envies : nous vous r\u00e9pondons rapidement et avec attention.\r\n  <\/p>\r\n<\/div>\r\n\t\t\t\t<\/div>\n\t\t\t\t<\/div>\n\t\t\t\t\t<\/div>\n\t\t\t\t<\/div>\n\t\t\t\t<section class=\"elementor-section elementor-top-section elementor-element elementor-element-ced9ddc elementor-section-full_width elementor-section-height-default elementor-section-height-default wpr-particle-no wpr-jarallax-no wpr-parallax-no wpr-sticky-section-no wpr-column-slider-no wpr-equal-height-no\" data-id=\"ced9ddc\" data-element_type=\"section\" data-e-type=\"section\">\n\t\t\t\t\t\t<div class=\"elementor-container elementor-column-gap-no\">\n\t\t\t\t\t<div class=\"elementor-column elementor-col-50 elementor-top-column elementor-element elementor-element-6aa3531\" data-id=\"6aa3531\" data-element_type=\"column\" data-e-type=\"column\">\n\t\t\t<div class=\"elementor-widget-wrap elementor-element-populated\">\n\t\t\t\t\t\t<div class=\"elementor-element elementor-element-c0667c7 elementor-widget elementor-widget-text-editor\" data-id=\"c0667c7\" data-element_type=\"widget\" data-e-type=\"widget\" data-widget_type=\"text-editor.default\">\n\t\t\t\t<div class=\"elementor-widget-container\">\n\t\t\t\t\t\t\t\t\t<p>Bienvenue sur notre page de contact. Nous sommes ravis de vous aider \u00e0 d\u00e9couvrir des destinations avec des h\u00f4tels et prestataires d\u2019exceptions. N\u2019h\u00e9sitez pas \u00e0 nous \u00e9crire et nous r\u00e9pondrons tr\u00e8s rapidement \u00e0 toutes vos questions.<\/p><p><b>Amis voyageurs\u00a0:<\/b>\u00a0vous avez une question sur une r\u00e9servation, besoin de conseils pour choisir l&#8217;h\u00f4tel parfait, ou souhaitez en savoir plus sur nos offres sp\u00e9ciales ? Nous sommes l\u00e0 pour vous offrir une assistance personnalis\u00e9e.<\/p><p><b>Amis h\u00f4teliers, agences de voyage ou prestataires locaux<\/b>\u00a0: vous souhaitez collaborer avec nous ? Nous serons ravis d\u2019\u00e9changer avec vous sur nous crti\u00e8re pour int\u00e9grer la grande famille Breeziful. Veuillez remplir le formulaire de contact ci-dessous en s\u00e9lectionnant l&#8217;option &#8220;Partenariat&#8221; pour nous fournir plus de d\u00e9tails sur votre \u00e9tablissement.<\/p>\t\t\t\t\t\t\t\t<\/div>\n\t\t\t\t<\/div>\n\t\t\t\t<div class=\"elementor-element elementor-element-1021ed3 elementor-widget elementor-widget-text-editor\" data-id=\"1021ed3\" data-element_type=\"widget\" data-e-type=\"widget\" data-widget_type=\"text-editor.default\">\n\t\t\t\t<div class=\"elementor-widget-container\">\n\t\t\t\t\t\t\t\t\t<p>Vous pouvez \u00e9galement nous suivre sur les r\u00e9seaux sociaux pour rester inform\u00e9 de nos derni\u00e8res nouvelles et offres exclusives:<\/p>\t\t\t\t\t\t\t\t<\/div>\n\t\t\t\t<\/div>\n\t\t\t\t<div class=\"elementor-element elementor-element-afabbb1 elementor-shape-square elementor-grid-0 e-grid-align-center elementor-widget elementor-widget-social-icons\" data-id=\"afabbb1\" data-element_type=\"widget\" data-e-type=\"widget\" data-widget_type=\"social-icons.default\">\n\t\t\t\t<div class=\"elementor-widget-container\">\n\t\t\t\t\t\t\t<div class=\"elementor-social-icons-wrapper elementor-grid\" role=\"list\">\n\t\t\t\t\t\t\t<span class=\"elementor-grid-item\" role=\"listitem\">\n\t\t\t\t\t<a class=\"elementor-icon elementor-social-icon elementor-social-icon-facebook elementor-repeater-item-7ef5ea2\" href=\"https:\/\/www.facebook.com\/search\/top?q=breeziful-travel\" target=\"_blank\">\n\t\t\t\t\t\t<span class=\"elementor-screen-only\">Facebook<\/span>\n\t\t\t\t\t\t<svg aria-hidden=\"true\" class=\"e-font-icon-svg e-fab-facebook\" viewBox=\"0 0 512 512\" xmlns=\"http:\/\/www.w3.org\/2000\/svg\"><path d=\"M504 256C504 119 393 8 256 8S8 119 8 256c0 123.78 90.69 226.38 209.25 245V327.69h-63V256h63v-54.64c0-62.15 37-96.48 93.67-96.48 27.14 0 55.52 4.84 55.52 4.84v61h-31.28c-30.8 0-40.41 19.12-40.41 38.73V256h68.78l-11 71.69h-57.78V501C413.31 482.38 504 379.78 504 256z\"><\/path><\/svg>\t\t\t\t\t<\/a>\n\t\t\t\t<\/span>\n\t\t\t\t\t\t\t<span class=\"elementor-grid-item\" role=\"listitem\">\n\t\t\t\t\t<a class=\"elementor-icon elementor-social-icon elementor-social-icon-linkedin elementor-repeater-item-fcc821e\" href=\"https:\/\/www.linkedin.com\/company\/104874813\" target=\"_blank\">\n\t\t\t\t\t\t<span class=\"elementor-screen-only\">Linkedin<\/span>\n\t\t\t\t\t\t<svg aria-hidden=\"true\" class=\"e-font-icon-svg e-fab-linkedin\" viewBox=\"0 0 448 512\" xmlns=\"http:\/\/www.w3.org\/2000\/svg\"><path d=\"M416 32H31.9C14.3 32 0 46.5 0 64.3v383.4C0 465.5 14.3 480 31.9 480H416c17.6 0 32-14.5 32-32.3V64.3c0-17.8-14.4-32.3-32-32.3zM135.4 416H69V202.2h66.5V416zm-33.2-243c-21.3 0-38.5-17.3-38.5-38.5S80.9 96 102.2 96c21.2 0 38.5 17.3 38.5 38.5 0 21.3-17.2 38.5-38.5 38.5zm282.1 243h-66.4V312c0-24.8-.5-56.7-34.5-56.7-34.6 0-39.9 27-39.9 54.9V416h-66.4V202.2h63.7v29.2h.9c8.9-16.8 30.6-34.5 62.9-34.5 67.2 0 79.7 44.3 79.7 101.9V416z\"><\/path><\/svg>\t\t\t\t\t<\/a>\n\t\t\t\t<\/span>\n\t\t\t\t\t<\/div>\n\t\t\t\t\t\t<\/div>\n\t\t\t\t<\/div>\n\t\t\t\t\t<\/div>\n\t\t<\/div>\n\t\t\t\t<div class=\"elementor-column elementor-col-50 elementor-top-column elementor-element elementor-element-401afd7\" data-id=\"401afd7\" data-element_type=\"column\" data-e-type=\"column\">\n\t\t\t<div class=\"elementor-widget-wrap elementor-element-populated\">\n\t\t\t\t\t\t<div class=\"elementor-element elementor-element-c5fba2a elementor-widget elementor-widget-html\" data-id=\"c5fba2a\" data-element_type=\"widget\" data-e-type=\"widget\" data-widget_type=\"html.default\">\n\t\t\t\t<div class=\"elementor-widget-container\">\n\t\t\t\t\t<script src=\"https:\/\/www.google.com\/recaptcha\/api.js\" async defer><\/script>\r\n\t\t\t\t<\/div>\n\t\t\t\t<\/div>\n\t\t\t\t<div class=\"elementor-element elementor-element-3901421 elementor-widget elementor-widget-html\" data-id=\"3901421\" data-element_type=\"widget\" data-e-type=\"widget\" data-widget_type=\"html.default\">\n\t\t\t\t<div class=\"elementor-widget-container\">\n\t\t\t\t\t<!DOCTYPE html>\r\n<html lang=\"fr\">\r\n<head>\r\n    <meta charset=\"UTF-8\">\r\n    <title>Contactez-nous<\/title>\r\n    <link href=\"https:\/\/fonts.googleapis.com\/css2?family=Prompt:wght@400;500&display=swap\" rel=\"stylesheet\">\r\n    <style>\r\n        body {\r\n            font-family: 'Prompt', sans-serif;\r\n            background: url('your-background-image.jpg') no-repeat center center fixed;\r\n            background-size: cover;\r\n            color: #333;\r\n            padding: 20px;\r\n            margin: 0;\r\n        }\r\n        .contact-form {\r\n            background-color: rgba(255, 255, 255, 0.8);\r\n            padding: 20px;\r\n            border-radius: 8px;\r\n            box-shadow: 0 4px 8px rgba(0,0,0,0.2);\r\n            width: 100%;\r\n            margin: auto;\r\n        }\r\n        input[type=\"text\"], input[type=\"email\"], input[type=\"tel\"], select, textarea {\r\n            width: 100%;\r\n            padding: 8px;\r\n            margin: 10px 0;\r\n            display: inline-block;\r\n            border: 1px solid #ccc;\r\n            border-radius: 4px;\r\n            font-size: 16px;\r\n        }\r\n        input[type=\"submit\"] {\r\n            background-color: #28609F;\r\n            color: white;\r\n            padding: 10px 20px;\r\n            border: none;\r\n            border-radius: 4px;\r\n            cursor: pointer;\r\n            font-weight: 500;\r\n        }\r\n        input[type=\"submit\"]:hover {\r\n            background-color: #204d74;\r\n        }\r\n        textarea {\r\n            height: 150px;\r\n            resize: none;\r\n        }\r\n        .confirmation-message {\r\n            margin-top: 20px;\r\n            padding: 15px;\r\n            background-color: #d4edda;\r\n            color: #155724;\r\n            border: 1px solid #c3e6cb;\r\n            border-radius: 4px;\r\n            display: none;\r\n        }\r\n        .honeypot {\r\n            display: none;\r\n        }\r\n    <\/style>\r\n    <script src=\"https:\/\/www.google.com\/recaptcha\/api.js\" async defer><\/script>\r\n<\/head>\r\n<body>\r\n\r\n<div class=\"contact-form\">\r\n    <form action=\"\/script-breeziful\/send_mail.php\" method=\"post\" onsubmit=\"return handleFormSubmit(event)\">\r\n        <label for=\"name\">Nom :<\/label>\r\n        <input type=\"text\" id=\"name\" name=\"name\" required>\r\n\r\n        <label for=\"email\">Email :<\/label>\r\n        <input type=\"email\" id=\"email\" name=\"email\" required>\r\n\r\n        <label for=\"telephone\">T\u00e9l\u00e9phone :<\/label>\r\n        <input type=\"tel\" id=\"telephone\" name=\"telephone\" required>\r\n\r\n        <label for=\"type\">Type de demande :<\/label>\r\n        <select id=\"type\" name=\"type\">\r\n            <option value=\"reservation\">R\u00e9servation<\/option>\r\n            <option value=\"information\">Demande d'information<\/option>\r\n            <option value=\"partnership\">Partenariat<\/option>\r\n        <\/select>\r\n\r\n        <label for=\"message\">Message :<\/label>\r\n        <textarea id=\"message\" name=\"message\" required><\/textarea>\r\n\r\n        <!-- Google reCAPTCHA widget -->\r\n        <div class=\"g-recaptcha\" data-sitekey=\"6Lcbj4sqAAAAACh2Ky_0jHBO_7Tmdeo4EfyYCUkQ\"><\/div>\r\n\r\n        <!-- Honeypot Field -->\r\n        <div class=\"honeypot\">\r\n            <label for=\"website\">Si vous \u00eates humain, laissez ce champ vide :<\/label>\r\n            <input type=\"text\" name=\"website\" id=\"website\">\r\n        <\/div>\r\n\r\n        <!-- Hidden timestamp field -->\r\n        <input type=\"hidden\" id=\"formStartTime\" name=\"formStartTime\">\r\n\r\n        <input type=\"submit\" value=\"Envoyer\">\r\n    <\/form>\r\n<\/div>\r\n\r\n<script>\r\n    \/\/ Set the form start time\r\n    document.getElementById('formStartTime').value = new Date().getTime();\r\n\r\n    function handleFormSubmit(event) {\r\n        \/\/ Get the form start time\r\n        const formStartTime = parseInt(document.getElementById('formStartTime').value, 10);\r\n        const currentTime = new Date().getTime();\r\n\r\n        \/\/ Check if the honeypot field is filled\r\n        const honeypotField = document.getElementById('website');\r\n        if (honeypotField.value.trim() !== '') {\r\n            alert(\"Votre soumission a \u00e9t\u00e9 bloqu\u00e9e car elle ressemble \u00e0 un spam.\");\r\n            return false;\r\n        }\r\n\r\n        \/\/ Check if the form was submitted too quickly\r\n        if ((currentTime - formStartTime) < 3000) { \/\/ Less than 3 seconds\r\n            alert(\"Merci de prendre un peu plus de temps pour remplir le formulaire.\");\r\n            return false;\r\n        }\r\n\r\n        \/\/ Everything is fine, allow the form submission\r\n        return true;\r\n    }\r\n<\/script>\r\n\r\n<\/body>\r\n<\/html>\r\n\t\t\t\t<\/div>\n\t\t\t\t<\/div>\n\t\t\t\t\t<\/div>\n\t\t<\/div>\n\t\t\t\t\t<\/div>\n\t\t<\/section>\n\t\t\t\t<\/div>\n\t\t","protected":false},"excerpt":{"rendered":"<p>Need more information or want to work with Breeziful? Contact us if you have any questions about our offers, bookings or partnerships.<\/p>","protected":false},"author":1,"featured_media":0,"parent":0,"menu_order":0,"comment_status":"closed","ping_status":"closed","template":"elementor_header_footer","meta":{"_acf_changed":false,"footnotes":""},"class_list":["post-16","page","type-page","status-publish","hentry"],"acf":[],"aioseo_notices":[],"_links":{"self":[{"href":"https:\/\/v2.breeziful.com\/en\/wp-json\/wp\/v2\/pages\/16","targetHints":{"allow":["GET"]}}],"collection":[{"href":"https:\/\/v2.breeziful.com\/en\/wp-json\/wp\/v2\/pages"}],"about":[{"href":"https:\/\/v2.breeziful.com\/en\/wp-json\/wp\/v2\/types\/page"}],"author":[{"embeddable":true,"href":"https:\/\/v2.breeziful.com\/en\/wp-json\/wp\/v2\/users\/1"}],"replies":[{"embeddable":true,"href":"https:\/\/v2.breeziful.com\/en\/wp-json\/wp\/v2\/comments?post=16"}],"version-history":[{"count":4,"href":"https:\/\/v2.breeziful.com\/en\/wp-json\/wp\/v2\/pages\/16\/revisions"}],"predecessor-version":[{"id":18891,"href":"https:\/\/v2.breeziful.com\/en\/wp-json\/wp\/v2\/pages\/16\/revisions\/18891"}],"wp:attachment":[{"href":"https:\/\/v2.breeziful.com\/en\/wp-json\/wp\/v2\/media?parent=16"}],"curies":[{"name":"wp","href":"https:\/\/api.w.org\/{rel}","templated":true}]}}