

{"id":21043,"date":"2026-05-09T16:50:15","date_gmt":"2026-05-09T14:50:15","guid":{"rendered":"https:\/\/v2.breeziful.com\/home-bis\/"},"modified":"2026-05-09T16:50:15","modified_gmt":"2026-05-09T14:50:15","slug":"home-bis","status":"publish","type":"page","link":"https:\/\/v2.breeziful.com\/en\/home-bis\/","title":{"rendered":"Home Bis"},"content":{"rendered":"<p><!-- Page g\u00e9n\u00e9r\u00e9e par Breeziful Home Bis Single. --><\/p>","protected":false},"excerpt":{"rendered":"","protected":false},"author":1,"featured_media":0,"parent":0,"menu_order":0,"comment_status":"closed","ping_status":"closed","template":"breeziful-home-v2-independante","meta":{"_acf_changed":false,"footnotes":""},"class_list":["post-21043","page","type-page","status-publish","hentry"],"acf":[],"aioseo_notices":[],"_links":{"self":[{"href":"https:\/\/v2.breeziful.com\/en\/wp-json\/wp\/v2\/pages\/21043","targetHints":{"allow":["GET"]}}],"collection":[{"href":"https:\/\/v2.breeziful.com\/en\/wp-json\/wp\/v2\/pages"}],"about":[{"href":"https:\/\/v2.breeziful.com\/en\/wp-json\/wp\/v2\/types\/page"}],"author":[{"embeddable":true,"href":"https:\/\/v2.breeziful.com\/en\/wp-json\/wp\/v2\/users\/1"}],"replies":[{"embeddable":true,"href":"https:\/\/v2.breeziful.com\/en\/wp-json\/wp\/v2\/comments?post=21043"}],"version-history":[{"count":0,"href":"https:\/\/v2.breeziful.com\/en\/wp-json\/wp\/v2\/pages\/21043\/revisions"}],"wp:attachment":[{"href":"https:\/\/v2.breeziful.com\/en\/wp-json\/wp\/v2\/media?parent=21043"}],"curies":[{"name":"wp","href":"https:\/\/api.w.org\/{rel}","templated":true}]}}