

{"id":21058,"date":"2026-05-12T12:02:38","date_gmt":"2026-05-12T10:02:38","guid":{"rendered":"https:\/\/v2.breeziful.com\/hotels-selection-breeziful\/"},"modified":"2026-05-12T12:02:38","modified_gmt":"2026-05-12T10:02:38","slug":"hotels-selection-breeziful","status":"publish","type":"page","link":"https:\/\/v2.breeziful.com\/en\/hotels-selection-breeziful\/","title":{"rendered":"H\u00f4tels s\u00e9lectionn\u00e9s par Breeziful"},"content":{"rendered":"<p><!-- Page Breeziful V2 g\u00e9n\u00e9r\u00e9e avec le slug existant attendu. --><\/p>","protected":false},"excerpt":{"rendered":"","protected":false},"author":1,"featured_media":0,"parent":0,"menu_order":0,"comment_status":"closed","ping_status":"closed","template":"","meta":{"_acf_changed":false,"footnotes":""},"class_list":["post-21058","page","type-page","status-publish","hentry"],"acf":[],"aioseo_notices":[],"_links":{"self":[{"href":"https:\/\/v2.breeziful.com\/en\/wp-json\/wp\/v2\/pages\/21058","targetHints":{"allow":["GET"]}}],"collection":[{"href":"https:\/\/v2.breeziful.com\/en\/wp-json\/wp\/v2\/pages"}],"about":[{"href":"https:\/\/v2.breeziful.com\/en\/wp-json\/wp\/v2\/types\/page"}],"author":[{"embeddable":true,"href":"https:\/\/v2.breeziful.com\/en\/wp-json\/wp\/v2\/users\/1"}],"replies":[{"embeddable":true,"href":"https:\/\/v2.breeziful.com\/en\/wp-json\/wp\/v2\/comments?post=21058"}],"version-history":[{"count":0,"href":"https:\/\/v2.breeziful.com\/en\/wp-json\/wp\/v2\/pages\/21058\/revisions"}],"wp:attachment":[{"href":"https:\/\/v2.breeziful.com\/en\/wp-json\/wp\/v2\/media?parent=21058"}],"curies":[{"name":"wp","href":"https:\/\/api.w.org\/{rel}","templated":true}]}}