

{"id":10514,"date":"2024-08-28T17:46:54","date_gmt":"2024-08-28T15:46:54","guid":{"rendered":"https:\/\/v2.breeziful.com\/?post_type=product&#038;p=10514"},"modified":"2026-01-16T13:27:54","modified_gmt":"2026-01-16T12:27:54","slug":"visite-privee-de-miami-en-mustang-decapotable","status":"publish","type":"product","link":"https:\/\/v2.breeziful.com\/en\/product\/visite-privee-de-miami-en-mustang-decapotable\/","title":{"rendered":"Private visit of Miami in a convertible Mustang"},"content":{"rendered":"<p><strong>Explore Miami with complete freedom, style and comfort<\/strong><\/p>\n<p>Discover Miami from a unique angle with this private tour in French, aboard a Mustang convertible. Enjoy the Florida sunshine with your hair blowing in the wind as you discover the city's most iconic neighbourhoods. Whether you're a small group of 3 or 4 people, this experience is designed to offer you a complete immersion in the vibrant atmosphere of Miami.<\/p>\n<p><strong>Tour itinerary (duration: 3 hours)<\/strong><\/p>\n<ol>\n<li><strong>South Beach<\/strong> (1 stop)<br \/>\nStroll along the famous Ocean Drive, admire the Art Deco buildings and feel the energy of one of Miami's most dynamic neighbourhoods.<\/li>\n<li><strong>Wynwood<\/strong> (1 stop)<br \/>\nImmerse yourself in the artistic heart of the city, with its impressive murals and contemporary art galleries. It's a veritable explosion of colour that'll get your creative juices flowing.<\/li>\n<li><strong>Little Havana<\/strong> (1 stop)<br \/>\nImmerse yourself in Cuban culture with a visit to Little Havana. Smell the aroma of Cuban coffee, listen to salsa music, and discover the authenticity of this iconic neighbourhood.<\/li>\n<li><strong>Brickell<\/strong><br \/>\nDrive through Miami's business district, where modern skyscrapers rub shoulders with luxury boutiques and upmarket restaurants. A fascinating and contrasting urban experience.<\/li>\n<li><strong>Downtown<\/strong><br \/>\nFinish your visit in the heart of downtown, where Miami's history meets the dynamism of modern life. Admire the architecture and soak up the energy of the city.<\/li>\n<\/ol>\n<p><strong>Why choose this visit?<\/strong> This private tour is the perfect opportunity to discover Miami at your own pace, with an expert French-speaking guide who will tailor the experience to your interests. Ideal for travellers wishing to explore the city in comfort and style.<\/p>\n<p><strong>Book now<\/strong> and get ready for an unforgettable experience in Miami, in the comfort of a Mustang convertible.<\/p>","protected":false},"excerpt":{"rendered":"<p>Immerse yourself in the vibrant soul of Miami with a unique experience aboard a Mustang convertible. Imagine yourself, hair in the wind, strolling through the city's iconic streets, where every bend reveals a new horizon. Feel the energy of South Beach, where sunshine and Art Deco architecture create a glamorous, retro atmosphere. Be inspired by the vibrant colours of Wynwood, a veritable open-air art gallery. Immerse yourself in the warmth and passion of Little Havana, where Cuban culture is expressed in every smile, every note of salsa, every scent of coffee.<\/p>\n<p>This adventure isn't just a tour, it's a total immersion in the essence of Miami. Every moment is designed to awaken your senses, from the roar of the Mustang's engine to the fascinating stories shared by your English-speaking guide. It's an open-air exploration, where luxury meets authenticity, where the present meets the past, all with a touch of inimitable style. Let yourself be transported by the magic of Miami, a city where every neighbourhood tells a story, and where your experience becomes the most beautiful chapter.<\/p>","protected":false},"featured_media":14481,"template":"","meta":{"_acf_changed":false},"breeziful_position":[],"product_brand":[],"product_cat":[423,427,431,134,440,422,135],"product_tag":[],"position":[85],"class_list":{"0":"post-10514","1":"product","2":"type-product","3":"status-publish","4":"has-post-thumbnail","6":"product_cat-activite","7":"product_cat-destinations","8":"product_cat-etats-unis","9":"product_cat-experience","10":"product_cat-floride-etat-unis-destination","11":"product_cat-formule","12":"product_cat-visite-urbaine","13":"position-bons-plans-hot-deals","15":"first","16":"instock","17":"sale","18":"virtual","19":"purchasable","20":"product-type-simple"},"acf":{"duree":"3 heures","slogan_affiche":"Explorez Miami avec Style, Vivez l'Inoubliable en Mustang!","titre_produit_principal":"Bienvenue \u00e0 Miami, o\u00f9 chaque tour est une aventure inoubliable !","texte_bon_plan":"Laissez Miami vous d\u00e9voiler ses secrets","type_de_tarification":"Par V\u00e9hicule","tarification":"Tarification Pack","video":20113,"priorite_du_produit":2,"nombre_personne":"","max_par_quantite":4,"type_de_sejour":"Privatif","type_de_chambre":"","date_arrivee":"","reduction":"-35%","pension":"En petit d\u00e9jeuner","localisation_ville":"Miami","condition-de-loffre":"<ul>\r\n \t<li><strong>Nombre de Participants :<\/strong> Cette offre est valable pour un groupe de 3 \u00e0 4 personnes maximum, afin de garantir une exp\u00e9rience confortable et personnalis\u00e9e.<\/li>\r\n \t<li><strong>Inclus dans l'Offre :<\/strong>\r\n<ul>\r\n \t<li>Services d'un guide local francophone exp\u00e9riment\u00e9<\/li>\r\n \t<li>V\u00e9hicule : Mustang d\u00e9capotable pour toute la dur\u00e9e de la visite<\/li>\r\n \t<li>Carburant n\u00e9cessaire pour la visite<\/li>\r\n \t<li>Tous les frais de p\u00e9age<\/li>\r\n \t<li>Frais de stationnement inclus dans les arr\u00eats pr\u00e9vus<\/li>\r\n<\/ul>\r\n<\/li>\r\n \t<li><strong>Dur\u00e9e de la Visite :<\/strong> La visite a une dur\u00e9e totale de 3 heures. Les arr\u00eats \u00e0 South Beach, Wynwood, et Little Havana sont inclus dans cette dur\u00e9e.<\/li>\r\n \t<li><strong>Conditions M\u00e9t\u00e9orologiques :<\/strong> En cas de mauvaises conditions m\u00e9t\u00e9orologiques rendant la visite en d\u00e9capotable impraticable, une alternative sera propos\u00e9e ou la visite sera reprogramm\u00e9e \u00e0 une date ult\u00e9rieure en fonction des disponibilit\u00e9s.<\/li>\r\n<\/ul>","condition_annulation":"<ul>\r\n \t<li><strong>Politique d'Annulation :<\/strong>\r\n<ul>\r\n \t<li>Annulation gratuite jusqu'\u00e0 48 heures avant l'heure de d\u00e9part pr\u00e9vue.<\/li>\r\n \t<li>Annulation entre 48 et 24 heures avant le d\u00e9part : remboursement de 50%.<\/li>\r\n \t<li>Annulation \u00e0 moins de 24 heures : aucun remboursement.<\/li>\r\n<\/ul>\r\n<\/li>\r\n \t<li><strong>Responsabilit\u00e9s :<\/strong> L'organisateur de la visite ne peut \u00eatre tenu responsable de tout retard ou changement d'itin\u00e9raire en raison de circonstances impr\u00e9vues (trafic, fermetures de routes, etc.).<\/li>\r\n \t<li><strong>Sant\u00e9 et S\u00e9curit\u00e9 :<\/strong> Les participants doivent s'assurer qu'ils sont en bonne sant\u00e9 pour participer \u00e0 cette activit\u00e9. Le port de la ceinture de s\u00e9curit\u00e9 est obligatoire pendant toute la dur\u00e9e du trajet.<\/li>\r\n \t<li><strong>R\u00e9servation :<\/strong> La r\u00e9servation de cette visite est soumise \u00e0 disponibilit\u00e9. Une confirmation sera envoy\u00e9e par email dans les 72 h apr\u00e8s validation de la r\u00e9servation.<\/li>\r\n<\/ul>","nom_du_partenaire":[9336],"contrat":[9351]},"aioseo_notices":[],"_links":{"self":[{"href":"https:\/\/v2.breeziful.com\/en\/wp-json\/wp\/v2\/product\/10514","targetHints":{"allow":["GET"]}}],"collection":[{"href":"https:\/\/v2.breeziful.com\/en\/wp-json\/wp\/v2\/product"}],"about":[{"href":"https:\/\/v2.breeziful.com\/en\/wp-json\/wp\/v2\/types\/product"}],"version-history":[{"count":10,"href":"https:\/\/v2.breeziful.com\/en\/wp-json\/wp\/v2\/product\/10514\/revisions"}],"predecessor-version":[{"id":20114,"href":"https:\/\/v2.breeziful.com\/en\/wp-json\/wp\/v2\/product\/10514\/revisions\/20114"}],"acf:post":[{"embeddable":true,"href":"https:\/\/v2.breeziful.com\/en\/wp-json\/wp\/v2\/contracts\/9351"},{"embeddable":true,"href":"https:\/\/v2.breeziful.com\/en\/wp-json\/wp\/v2\/prestataires\/9336"}],"wp:featuredmedia":[{"embeddable":true,"href":"https:\/\/v2.breeziful.com\/en\/wp-json\/wp\/v2\/media\/14481"}],"wp:attachment":[{"href":"https:\/\/v2.breeziful.com\/en\/wp-json\/wp\/v2\/media?parent=10514"}],"wp:term":[{"taxonomy":"breeziful_position","embeddable":true,"href":"https:\/\/v2.breeziful.com\/en\/wp-json\/wp\/v2\/breeziful_position?post=10514"},{"taxonomy":"product_brand","embeddable":true,"href":"https:\/\/v2.breeziful.com\/en\/wp-json\/wp\/v2\/product_brand?post=10514"},{"taxonomy":"product_cat","embeddable":true,"href":"https:\/\/v2.breeziful.com\/en\/wp-json\/wp\/v2\/product_cat?post=10514"},{"taxonomy":"product_tag","embeddable":true,"href":"https:\/\/v2.breeziful.com\/en\/wp-json\/wp\/v2\/product_tag?post=10514"},{"taxonomy":"position","embeddable":true,"href":"https:\/\/v2.breeziful.com\/en\/wp-json\/wp\/v2\/position?post=10514"}],"curies":[{"name":"wp","href":"https:\/\/api.w.org\/{rel}","templated":true}]}}