

{"id":10634,"date":"2024-08-29T09:40:25","date_gmt":"2024-08-29T07:40:25","guid":{"rendered":"https:\/\/v2.breeziful.com\/?post_type=product&#038;p=10634"},"modified":"2025-10-07T16:57:47","modified_gmt":"2025-10-07T14:57:47","slug":"visite-privee-de-coconut-groove-coral-gables-en-mustang-decapotable","status":"publish","type":"product","link":"https:\/\/v2.breeziful.com\/en\/product\/visite-privee-de-coconut-groove-coral-gables-en-mustang-decapotable\/","title":{"rendered":"Coconut Groove, Coral Gables in a Mustang convertible"},"content":{"rendered":"<p>Let yourself be seduced by the timeless charm of Miami with this private tour in French, aboard a Mustang convertible. Enjoy the luxury and freedom of a unique road trip, where every moment is an invitation to explore the most picturesque and historic corners of the city. Designed for a small group of 3 to 4 people, this experience offers you total immersion in the captivating atmosphere of Miami.<\/p>\n<h3>Tour itinerary (duration: 3 hours)<\/h3>\n<ol>\n<li><strong>Coconut Grove<\/strong><br \/>\nBegin your adventure in the lush, bohemian neighbourhood of Coconut Grove, where lush nature meets Miami's rich history. Stroll through its shady alleyways, and feel the quiet, chic atmosphere that sets Coconut Grove apart.<\/li>\n<li><strong>Thriller cemetery<\/strong><br \/>\nImmerse yourself in cultural history with a visit to the cemetery made famous by Michael Jackson's \"Thriller\" video. This mysterious and iconic place offers a unique perspective on the city and its place in pop culture.<\/li>\n<li><strong>Coral Gables<\/strong><br \/>\nContinue your exploration in Coral Gables, known for its tree-lined avenues, magnificent Mediterranean-style homes and elegant fountains. This area is a veritable oasis of calm and beauty, where every corner exudes refinement.<\/li>\n<\/ol>\n<h3>Why choose this visit?<\/h3>\n<p>This private tour is designed for travellers looking for an authentic and memorable experience. With an English-speaking guide at your side, you'll discover Miami's fascinating stories and hidden secrets, all in the comfort and elegance of a Mustang convertible. Whether you're passionate about history, culture or just want to enjoy a leisurely drive, this tour is the perfect opportunity to experience Miami at your own pace.<\/p>\n<p><strong>Book now<\/strong> for an exclusive getaway that will leave you with unforgettable memories of Miami, while savouring the sweet Florida sunshine.<\/p>","protected":false},"excerpt":{"rendered":"<p>Between the majestic palm trees and the iconic architecture of Miami, embark on an unforgettable experience in a Mustang convertible. Let the warm breeze and purr of the engine carry you through neighbourhoods steeped in history and charm. From the shady streets of Coconut Grove to the timeless ambience of Coral Gables, every moment is an invitation to discover.<\/p>\n<p>Imagine strolling along historic avenues, where past and present meet in harmony. Stop in front of the mysterious cemetery made famous by \"Thriller\", feel the unique aura of this place and immerse yourself in the cultural history that permeates every street corner. This trip is much more than a simple visit, it's an immersion in the soul of Miami, seen through the prism of a vibrant and constantly evolving city.<\/p>\n<p>With an English-speaking guide at your side, you'll enjoy captivating narratives that bring each place you visit to life, while savouring the freedom and luxury that only a Mustang convertible can offer. It's an elegant exploration, where every turn reveals a new facet of this fascinating city, and every moment is a celebration of style and history.<\/p>","protected":false},"featured_media":16069,"template":"","meta":{"_acf_changed":false},"breeziful_position":[],"product_brand":[],"product_cat":[423,427,431,134,440,422,135],"product_tag":[],"position":[86,84],"class_list":{"0":"post-10634","1":"product","2":"type-product","3":"status-publish","4":"has-post-thumbnail","6":"product_cat-activite","7":"product_cat-destinations","8":"product_cat-etats-unis","9":"product_cat-experience","10":"product_cat-floride-etat-unis-destination","11":"product_cat-formule","12":"product_cat-visite-urbaine","13":"position-produit-final","14":"position-tours-de-predilection","16":"first","17":"instock","18":"sale","19":"virtual","20":"purchasable","21":"product-type-simple"},"acf":{"duree":"3 heures","slogan_affiche":"Coconut Grove : L\u00e0 o\u00f9 l'\u00e9l\u00e9gance rencontre l'\u00e9vasion, en Mustang d\u00e9capotable.","titre_produit_principal":"Bienvenue \u00e0 Coconut Grove","texte_bon_plan":"Les routes de Miami racontent des histoires","type_de_tarification":"Par V\u00e9hicule","tarification":"Tarification Pack","video":"","priorite_du_produit":6,"nombre_personne":"","max_par_quantite":4,"type_de_sejour":"Privatif","type_de_chambre":"","date_arrivee":"","reduction":"-40%","pension":"Repas Non Compris","localisation_ville":"Miami","condition-de-loffre":"<ul>\r\n \t<li><strong>Nombre de Participants :<\/strong> Cette offre est valable pour un groupe de 3 \u00e0 4 personnes maximum, afin de garantir une exp\u00e9rience confortable et personnalis\u00e9e.<\/li>\r\n \t<li><strong>Inclus dans l'Offre :<\/strong>\r\n<ul>\r\n \t<li>Services d'un guide local francophone exp\u00e9riment\u00e9.<\/li>\r\n \t<li>V\u00e9hicule : Mustang d\u00e9capotable pour toute la dur\u00e9e de la visite.<\/li>\r\n \t<li>Carburant pour la totalit\u00e9 du parcours.<\/li>\r\n \t<li>Tous les frais de p\u00e9age.<\/li>\r\n \t<li>Frais de stationnement inclus dans les arr\u00eats pr\u00e9vus.<\/li>\r\n<\/ul>\r\n<\/li>\r\n \t<li><strong>Dur\u00e9e de la Visite :<\/strong> La visite a une dur\u00e9e totale de 3 heures. Le parcours inclut des arr\u00eats \u00e0 Coconut Grove, le cimeti\u00e8re de Thriller, et Coral Gables.<\/li>\r\n \t<li><strong>Conditions M\u00e9t\u00e9orologiques :<\/strong> En cas de mauvaises conditions m\u00e9t\u00e9orologiques rendant la visite en d\u00e9capotable impraticable, une alternative sera propos\u00e9e ou la visite sera reprogramm\u00e9e \u00e0 une date ult\u00e9rieure en fonction des disponibilit\u00e9s.<\/li>\r\n<\/ul>","condition_annulation":"<ul>\r\n \t<li><strong>Politique d'Annulation :<\/strong>\r\n<ul>\r\n \t<li>Annulation gratuite jusqu'\u00e0 48 heures avant l'heure de d\u00e9part pr\u00e9vue.<\/li>\r\n \t<li>Annulation entre 48 et 24 heures avant le d\u00e9part : remboursement de 50%.<\/li>\r\n \t<li>Annulation \u00e0 moins de 24 heures : aucun remboursement.<\/li>\r\n<\/ul>\r\n<\/li>\r\n \t<li><strong>Responsabilit\u00e9s :<\/strong> L'organisateur de la visite ne peut \u00eatre tenu responsable de tout retard ou changement d'itin\u00e9raire en raison de circonstances impr\u00e9vues (trafic, fermetures de routes, etc.).<\/li>\r\n \t<li><strong>Sant\u00e9 et S\u00e9curit\u00e9 :<\/strong> Les participants doivent s'assurer qu'ils sont en bonne sant\u00e9 pour participer \u00e0 cette activit\u00e9. Le port de la ceinture de s\u00e9curit\u00e9 est obligatoire pendant toute la dur\u00e9e du trajet.<\/li>\r\n \t<li><strong>R\u00e9servation :<\/strong> La r\u00e9servation de cette visite est soumise \u00e0 disponibilit\u00e9. Une confirmation sera envoy\u00e9e par email apr\u00e8s validation de la r\u00e9servation.<\/li>\r\n<\/ul>","nom_du_partenaire":[9336],"contrat":[9351]},"aioseo_notices":[],"_links":{"self":[{"href":"https:\/\/v2.breeziful.com\/en\/wp-json\/wp\/v2\/product\/10634","targetHints":{"allow":["GET"]}}],"collection":[{"href":"https:\/\/v2.breeziful.com\/en\/wp-json\/wp\/v2\/product"}],"about":[{"href":"https:\/\/v2.breeziful.com\/en\/wp-json\/wp\/v2\/types\/product"}],"version-history":[{"count":6,"href":"https:\/\/v2.breeziful.com\/en\/wp-json\/wp\/v2\/product\/10634\/revisions"}],"predecessor-version":[{"id":20102,"href":"https:\/\/v2.breeziful.com\/en\/wp-json\/wp\/v2\/product\/10634\/revisions\/20102"}],"acf:post":[{"embeddable":true,"href":"https:\/\/v2.breeziful.com\/en\/wp-json\/wp\/v2\/contracts\/9351"},{"embeddable":true,"href":"https:\/\/v2.breeziful.com\/en\/wp-json\/wp\/v2\/prestataires\/9336"}],"wp:featuredmedia":[{"embeddable":true,"href":"https:\/\/v2.breeziful.com\/en\/wp-json\/wp\/v2\/media\/16069"}],"wp:attachment":[{"href":"https:\/\/v2.breeziful.com\/en\/wp-json\/wp\/v2\/media?parent=10634"}],"wp:term":[{"taxonomy":"breeziful_position","embeddable":true,"href":"https:\/\/v2.breeziful.com\/en\/wp-json\/wp\/v2\/breeziful_position?post=10634"},{"taxonomy":"product_brand","embeddable":true,"href":"https:\/\/v2.breeziful.com\/en\/wp-json\/wp\/v2\/product_brand?post=10634"},{"taxonomy":"product_cat","embeddable":true,"href":"https:\/\/v2.breeziful.com\/en\/wp-json\/wp\/v2\/product_cat?post=10634"},{"taxonomy":"product_tag","embeddable":true,"href":"https:\/\/v2.breeziful.com\/en\/wp-json\/wp\/v2\/product_tag?post=10634"},{"taxonomy":"position","embeddable":true,"href":"https:\/\/v2.breeziful.com\/en\/wp-json\/wp\/v2\/position?post=10634"}],"curies":[{"name":"wp","href":"https:\/\/api.w.org\/{rel}","templated":true}]}}