

{"id":10790,"date":"2024-08-30T09:22:25","date_gmt":"2024-08-30T07:22:25","guid":{"rendered":"https:\/\/v2.breeziful.com\/?post_type=product&#038;p=10790"},"modified":"2025-10-07T18:17:14","modified_gmt":"2025-10-07T16:17:14","slug":"a-vous-de-choisir-votre-destination","status":"publish","type":"product","link":"https:\/\/v2.breeziful.com\/en\/product\/a-vous-de-choisir-votre-destination\/","title":{"rendered":"Convertible Mustang Escape - It's Up to You to Choose Your Destination"},"content":{"rendered":"<p>Treat yourself to a luxurious escape through Miami and the Keys in a Mustang convertible, driven by your private chauffeur. This tailor-made experience allows you to choose your destinations freely, for a journey perfectly suited to your desires.<\/p>\n<p><strong>Choose your destination :<\/strong><\/p>\n<ul>\n<li><strong>Miami Dynamique :<\/strong> Explore Miami's iconic neighbourhoods, from the glamour of South Beach to the glittering skyscrapers of Downtown. Your private driver will take you around the city, allowing you to relax and enjoy the cityscape at your own pace.<\/li>\n<li><strong>Key Largo :<\/strong> Take a trip to Key Largo, where you can immerse yourself in the natural beauty of the Keys. Your driver will guide you along the scenic roads, leaving you free to savour the views and the tranquil atmosphere.<\/li>\n<li><strong>Key West :<\/strong> For a longer adventure, choose Key West. The legendary Overseas Highway, with its breathtaking ocean views, is the perfect setting for a day of discovery. Your driver will ensure that your journey is as comfortable as it is memorable, leaving you to enjoy every moment to the full.<br \/>\nOr other ...<\/li>\n<\/ul>","protected":false},"excerpt":{"rendered":"<p>Get behind the wheel of a Mustang convertible and let the road take you wherever you want to go in Miami or the Keys. With this tailor-made experience, you choose your itinerary: explore the bustling streets of Miami, venture to the sun-drenched beaches of Key Largo, or immerse yourself in the unique ambience of Key West. Enjoy total freedom to create your own adventure, with the wind in your hair and the horizon in front of you.<\/p>\n<p>Every road trip becomes a unique moment when you decide on the destination. Whether it's a quick trip or an extended getaway, this Mustang convertible is ready to turn your journey into an unforgettable memory, tailored to your preferences. Immerse yourself in the fascinating world of Florida at your own pace, in style and comfort.<\/p>","protected":false},"featured_media":12540,"template":"","meta":{"_acf_changed":false},"breeziful_position":[],"product_brand":[],"product_cat":[423,427,431,134,440,422,135],"product_tag":[],"position":[85],"class_list":{"0":"post-10790","1":"product","2":"type-product","3":"status-publish","4":"has-post-thumbnail","6":"product_cat-activite","7":"product_cat-destinations","8":"product_cat-etats-unis","9":"product_cat-experience","10":"product_cat-floride-etat-unis-destination","11":"product_cat-formule","12":"product_cat-visite-urbaine","13":"position-bons-plans-hot-deals","15":"first","16":"instock","17":"sale","18":"virtual","19":"purchasable","20":"product-type-simple"},"acf":{"duree":"Minimum 2 h","slogan_affiche":"Voyagez \u00e0 votre rythme \u2013 En Mustang d\u00e9capotable avec chauffeur.","titre_produit_principal":"\u00e0 bord d'une Mustang d\u00e9capotable avec chauffeur \u2013 Destination \u00e0 votre choix.","texte_bon_plan":"Voyage sur mesure en Mustang d\u00e9capotable","type_de_tarification":"Par V\u00e9hicule \/ Heure","tarification":"Tarification Pack","video":20110,"priorite_du_produit":8,"nombre_personne":["1","2","3","4"],"max_par_quantite":4,"type_de_sejour":"Privatif","type_de_chambre":"","date_arrivee":"","reduction":"-55%","pension":"Repas Non Compris","localisation_ville":"Miami","condition-de-loffre":"<ul>\r\n \t<li><strong>Ce qui est Inclus :<\/strong>\r\n<ul>\r\n \t<li>Service de conduite par un chauffeur professionnel dans une Mustang d\u00e9capotable.<\/li>\r\n \t<li>Frais de carburant, de stationnement, et de p\u00e9ages inclus.<\/li>\r\n \t<li>Flexibilit\u00e9 totale pour choisir vos destinations et points d'int\u00e9r\u00eat.<\/li>\r\n<\/ul>\r\n<strong>D\u00e9tails :<\/strong>\r\n<ul>\r\n \t<li><strong>Dur\u00e9e :<\/strong> Minimum 2 heures, avec possibilit\u00e9 de prolonger selon vos besoins.<\/li>\r\n \t<li><strong>Tarif :<\/strong> 100\u20ac\/heure, tout compris (chauffeur, carburant, stationnement, et p\u00e9ages).<\/li>\r\n \t<li><strong>Personnalisation :<\/strong> Itin\u00e9raire enti\u00e8rement flexible selon vos pr\u00e9f\u00e9rences. Que vous cherchiez une excursion romantique, une aventure en famille, ou une simple balade en bord de mer, cette offre s'adapte \u00e0 vos d\u00e9sirs.<\/li>\r\n<\/ul>\r\n<\/li>\r\n<\/ul>","condition_annulation":"<ul>\r\n \t<li>Toutes les offres sont 100 % non remboursables et non modifiables, \u00e9tant des offres sp\u00e9ciales.<\/li>\r\n \t<li>Les r\u00e9servations seront confirm\u00e9es dans un d\u00e9lai de 72 heures apr\u00e8s v\u00e9rification de la disponibilit\u00e9.\r\nLes clients recevront un e-mail de confirmation et, en cas d'indisponibilit\u00e9, un remboursement int\u00e9gral sera effectu\u00e9.<\/li>\r\n<\/ul>","nom_du_partenaire":[9336],"contrat":[9351]},"aioseo_notices":[],"_links":{"self":[{"href":"https:\/\/v2.breeziful.com\/en\/wp-json\/wp\/v2\/product\/10790","targetHints":{"allow":["GET"]}}],"collection":[{"href":"https:\/\/v2.breeziful.com\/en\/wp-json\/wp\/v2\/product"}],"about":[{"href":"https:\/\/v2.breeziful.com\/en\/wp-json\/wp\/v2\/types\/product"}],"version-history":[{"count":13,"href":"https:\/\/v2.breeziful.com\/en\/wp-json\/wp\/v2\/product\/10790\/revisions"}],"predecessor-version":[{"id":20111,"href":"https:\/\/v2.breeziful.com\/en\/wp-json\/wp\/v2\/product\/10790\/revisions\/20111"}],"acf:post":[{"embeddable":true,"href":"https:\/\/v2.breeziful.com\/en\/wp-json\/wp\/v2\/contracts\/9351"},{"embeddable":true,"href":"https:\/\/v2.breeziful.com\/en\/wp-json\/wp\/v2\/prestataires\/9336"}],"wp:featuredmedia":[{"embeddable":true,"href":"https:\/\/v2.breeziful.com\/en\/wp-json\/wp\/v2\/media\/12540"}],"wp:attachment":[{"href":"https:\/\/v2.breeziful.com\/en\/wp-json\/wp\/v2\/media?parent=10790"}],"wp:term":[{"taxonomy":"breeziful_position","embeddable":true,"href":"https:\/\/v2.breeziful.com\/en\/wp-json\/wp\/v2\/breeziful_position?post=10790"},{"taxonomy":"product_brand","embeddable":true,"href":"https:\/\/v2.breeziful.com\/en\/wp-json\/wp\/v2\/product_brand?post=10790"},{"taxonomy":"product_cat","embeddable":true,"href":"https:\/\/v2.breeziful.com\/en\/wp-json\/wp\/v2\/product_cat?post=10790"},{"taxonomy":"product_tag","embeddable":true,"href":"https:\/\/v2.breeziful.com\/en\/wp-json\/wp\/v2\/product_tag?post=10790"},{"taxonomy":"position","embeddable":true,"href":"https:\/\/v2.breeziful.com\/en\/wp-json\/wp\/v2\/position?post=10790"}],"curies":[{"name":"wp","href":"https:\/\/api.w.org\/{rel}","templated":true}]}}