

{"id":14974,"date":"2025-03-08T06:52:27","date_gmt":"2025-03-08T05:52:27","guid":{"rendered":"https:\/\/v2.breeziful.com\/?post_type=product&#038;p=14974"},"modified":"2025-10-07T16:54:38","modified_gmt":"2025-10-07T14:54:38","slug":"pack-activites-miami","status":"publish","type":"product","link":"https:\/\/v2.breeziful.com\/en\/product\/pack-activites-miami\/","title":{"rendered":"Miami 3 Activity Pack"},"content":{"rendered":"<h3>Exclusive Pack: Miami &amp; Florida Keys - Three Unforgettable Private Experiences<\/h3>\n<p>Discover Florida like never before with this exclusive package of three luxurious and private experiences specially designed to immerse you in the vibrant, paradise-like atmosphere of Miami and the Florida Keys.<\/p>\n<h4>1. <strong>Private tour of Miami in a Mustang Convertible (Duration: 3 hours)<\/strong><\/h4>\n<p>Immerse yourself in the dynamic atmosphere of Miami aboard an elegant Mustang convertible. Your private English-speaking guide will show you all the iconic spots: the famous Ocean Drive in South Beach, the artistic vibrancy of Wynwood, the warm authenticity of Little Havana, the modern glamour of Brickell, and finally the excitement of Downtown Miami. A chic stroll, with your hair blowing in the wind, between luxury and authenticity.<\/p>\n<h4>2. <strong>Private Day in the Keys and Key West in a Mustang Convertible (Duration: 7am to 11pm)<\/strong><\/h4>\n<p>Escape for a full day from Miami to the tip of the legendary Florida Keys. Your trip will begin with an idyllic breakfast in Islamorada by the sea before continuing on to Key West. Discover the historic charm and must-see sites of this legendary island with your English-speaking guide. After a typical Cuban lunch, enjoy some free time to relax on the heavenly beaches. Return to Miami in the evening, with unforgettable memories.<\/p>\n<h4>3. <strong>Morning Adventure in the Everglades (Duration: 4 hours)<\/strong><\/h4>\n<p>Start your day with a thrilling exploration of Everglades National Park. Climb aboard an airboat for a breathtaking experience through the wetlands, meeting alligators and wildlife. Then enjoy a privileged meeting with an animal keeper, before exploring the park's lush trails on foot, for a total immersion in this unique natural setting.<\/p>\n<h3>Why choose this pack?<\/h3>\n<ul>\n<li>Three exclusive, private experiences accompanied by passionate French-speaking guides.<\/li>\n<li>Top-of-the-range vehicles for optimum comfort.<\/li>\n<li>Itineraries designed for in-depth, intimate discovery of the sites.<\/li>\n<li>An ideal combination of adventure, relaxation and cultural discovery.<\/li>\n<\/ul>\n<p><strong>Book now and experience an exceptional Floridian getaway where every moment will be an unforgettable memory!<\/strong><\/p>","protected":false},"excerpt":{"rendered":"<p>Take advantage of an exclusive pack combining three unique private experiences in Florida: explore Miami with your hair blowing in the wind in a Mustang convertible, discover the paradise-like landscapes of the Florida Keys on a full-day trip to Key West, and enjoy a morning adventure in the wild heart of the Everglades. Luxury, comfort and authenticity guaranteed for total immersion!<\/p>","protected":false},"featured_media":14978,"template":"","meta":{"_acf_changed":false},"breeziful_position":[],"product_brand":[],"product_cat":[423,201,427,431,134,440,422,135],"product_tag":[],"position":[84],"class_list":{"0":"post-14974","1":"product","2":"type-product","3":"status-publish","4":"has-post-thumbnail","6":"product_cat-activite","7":"product_cat-aventure","8":"product_cat-destinations","9":"product_cat-etats-unis","10":"product_cat-experience","11":"product_cat-floride-etat-unis-destination","12":"product_cat-formule","13":"product_cat-visite-urbaine","14":"position-tours-de-predilection","16":"first","17":"instock","18":"sale","19":"shipping-taxable","20":"purchasable","21":"product-type-simple"},"acf":{"duree":"Selon Activit\u00e9s","slogan_affiche":"Miami & Keys, Trois exp\u00e9riences, Mille \u00e9motions !","titre_produit_principal":" Luxe, Libert\u00e9 & Aventure : Floride \u00e0 Ciel Ouvert ! ","texte_bon_plan":"Plongez dans l'Exclusivit\u00e9 : Miami, Keys & Everglades en Priv\u00e9 !","type_de_tarification":"Par V\u00e9hicule","tarification":"Tarification Activite","video":"","priorite_du_produit":5,"nombre_personne":["1","2","3","4"],"max_par_quantite":4,"type_de_sejour":"Privatif","type_de_chambre":"","date_arrivee":"","reduction":"-34%","pension":"Selon Programme","localisation_ville":"Miami","condition-de-loffre":"<ul>\r\n \t<li><strong>Nombre de Participants :<\/strong>\u00a0Cette offre est valable pour un groupe de 3 \u00e0 4 personnes maximum, afin de garantir une exp\u00e9rience confortable et personnalis\u00e9e.<\/li>\r\n \t<li><strong>Inclus dans l\u2019Offre :<\/strong>\r\n<ul>\r\n \t<li>Services d\u2019un guide local francophone exp\u00e9riment\u00e9<\/li>\r\n \t<li>V\u00e9hicule : Mustang d\u00e9capotable pour toute la dur\u00e9e de la visite<\/li>\r\n \t<li>Carburant n\u00e9cessaire pour la visite<\/li>\r\n \t<li>Tous les frais de p\u00e9age<\/li>\r\n \t<li>Frais de stationnement inclus dans les arr\u00eats pr\u00e9vus<\/li>\r\n<\/ul>\r\n<\/li>\r\n \t<li><strong>Conditions M\u00e9t\u00e9orologiques :<\/strong>\u00a0En cas de mauvaises conditions m\u00e9t\u00e9orologiques rendant la visite en d\u00e9capotable impraticable, une alternative sera propos\u00e9e ou la visite sera reprogramm\u00e9e \u00e0 une date ult\u00e9rieure en fonction des disponibilit\u00e9s.<\/li>\r\n<\/ul>","condition_annulation":"<ul>\r\n \t<li><strong>Politique d\u2019Annulation :<\/strong>\r\n<ul>\r\n \t<li>Annulation gratuite jusqu\u2019\u00e0 48 heures avant l\u2019heure de d\u00e9part pr\u00e9vue.<\/li>\r\n \t<li>Annulation entre 48 et 24 heures avant le d\u00e9part : remboursement de 50%.<\/li>\r\n \t<li>Annulation \u00e0 moins de 24 heures : aucun remboursement.<\/li>\r\n<\/ul>\r\n<\/li>\r\n \t<li><strong>Responsabilit\u00e9s :<\/strong>\u00a0L\u2019organisateur de la visite ne peut \u00eatre tenu responsable de tout retard ou changement d\u2019itin\u00e9raire en raison de circonstances impr\u00e9vues (trafic, fermetures de routes, etc.).<\/li>\r\n \t<li><strong>Sant\u00e9 et S\u00e9curit\u00e9 :<\/strong>\u00a0Les participants doivent s\u2019assurer qu\u2019ils sont en bonne sant\u00e9 pour participer \u00e0 cette activit\u00e9. Le port de la ceinture de s\u00e9curit\u00e9 est obligatoire pendant toute la dur\u00e9e du trajet.<\/li>\r\n \t<li><strong>R\u00e9servation :<\/strong>\u00a0La r\u00e9servation de cette visite est soumise \u00e0 disponibilit\u00e9. Une confirmation sera envoy\u00e9e par email dans les 72 h apr\u00e8s validation de la r\u00e9servation.<\/li>\r\n<\/ul>","nom_du_partenaire":[9336],"contrat":[9351]},"aioseo_notices":[],"_links":{"self":[{"href":"https:\/\/v2.breeziful.com\/en\/wp-json\/wp\/v2\/product\/14974","targetHints":{"allow":["GET"]}}],"collection":[{"href":"https:\/\/v2.breeziful.com\/en\/wp-json\/wp\/v2\/product"}],"about":[{"href":"https:\/\/v2.breeziful.com\/en\/wp-json\/wp\/v2\/types\/product"}],"version-history":[{"count":15,"href":"https:\/\/v2.breeziful.com\/en\/wp-json\/wp\/v2\/product\/14974\/revisions"}],"predecessor-version":[{"id":20100,"href":"https:\/\/v2.breeziful.com\/en\/wp-json\/wp\/v2\/product\/14974\/revisions\/20100"}],"acf:post":[{"embeddable":true,"href":"https:\/\/v2.breeziful.com\/en\/wp-json\/wp\/v2\/contracts\/9351"},{"embeddable":true,"href":"https:\/\/v2.breeziful.com\/en\/wp-json\/wp\/v2\/prestataires\/9336"}],"wp:featuredmedia":[{"embeddable":true,"href":"https:\/\/v2.breeziful.com\/en\/wp-json\/wp\/v2\/media\/14978"}],"wp:attachment":[{"href":"https:\/\/v2.breeziful.com\/en\/wp-json\/wp\/v2\/media?parent=14974"}],"wp:term":[{"taxonomy":"breeziful_position","embeddable":true,"href":"https:\/\/v2.breeziful.com\/en\/wp-json\/wp\/v2\/breeziful_position?post=14974"},{"taxonomy":"product_brand","embeddable":true,"href":"https:\/\/v2.breeziful.com\/en\/wp-json\/wp\/v2\/product_brand?post=14974"},{"taxonomy":"product_cat","embeddable":true,"href":"https:\/\/v2.breeziful.com\/en\/wp-json\/wp\/v2\/product_cat?post=14974"},{"taxonomy":"product_tag","embeddable":true,"href":"https:\/\/v2.breeziful.com\/en\/wp-json\/wp\/v2\/product_tag?post=14974"},{"taxonomy":"position","embeddable":true,"href":"https:\/\/v2.breeziful.com\/en\/wp-json\/wp\/v2\/position?post=14974"}],"curies":[{"name":"wp","href":"https:\/\/api.w.org\/{rel}","templated":true}]}}