

{"id":16800,"date":"2025-05-10T18:05:41","date_gmt":"2025-05-10T16:05:41","guid":{"rendered":"https:\/\/v2.breeziful.com\/?post_type=product&#038;p=16800"},"modified":"2025-09-26T10:58:55","modified_gmt":"2025-09-26T08:58:55","slug":"maua-nusa-penida","status":"publish","type":"product","link":"https:\/\/v2.breeziful.com\/en\/product\/maua-nusa-penida\/","title":{"rendered":"M\u00c3UA Nusa Penida"},"content":{"rendered":"<p data-start=\"1129\" data-end=\"1491\"><span class=\"_fadeIn_m1hgl_8\">M\u0100UA <\/span><span class=\"_fadeIn_m1hgl_8\">Nusa <\/span><span class=\"_fadeIn_m1hgl_8\">Penida, <\/span><span class=\"_fadeIn_m1hgl_8\">perched <\/span><span class=\"_fadeIn_m1hgl_8\">on <\/span><span class=\"_fadeIn_m1hgl_8\">the <\/span><span class=\"_fadeIn_m1hgl_8\">heights <\/span><span class=\"_fadeIn_m1hgl_8\">peaceful <\/span><span class=\"_fadeIn_m1hgl_8\">from <\/span><span class=\"_fadeIn_m1hgl_8\">the island <\/span><span class=\"_fadeIn_m1hgl_8\">of the same name, <\/span><span class=\"_fadeIn_m1hgl_8\">offer <\/span><span class=\"_fadeIn_m1hgl_8\">a <\/span><span class=\"_fadeIn_m1hgl_8\">parenthesis <\/span><span class=\"_fadeIn_m1hgl_8\">enchanted <\/span><span class=\"_fadeIn_m1hgl_8\">at <\/span><span class=\"_fadeIn_m1hgl_8\">heart <\/span><span class=\"_fadeIn_m1hgl_8\">from <\/span><span class=\"_fadeIn_m1hgl_8\">the <\/span><span class=\"_fadeIn_m1hgl_8\">nature <\/span><span class=\"_fadeIn_m1hgl_8\">Balinese. <\/span><span class=\"_fadeIn_m1hgl_8\">This <\/span><span class=\"_fadeIn_m1hgl_8\">resort <\/span><span class=\"_fadeIn_m1hgl_8\">five <\/span><span class=\"_fadeIn_m1hgl_8\">stars, <\/span><span class=\"_fadeIn_m1hgl_8\">mixing <\/span><span class=\"_fadeIn_m1hgl_8\">architecture <\/span><span class=\"_fadeIn_m1hgl_8\">contemporary <\/span><span class=\"_fadeIn_m1hgl_8\">and <\/span><span class=\"_fadeIn_m1hgl_8\">materials <\/span><span class=\"_fadeIn_m1hgl_8\">natural, <\/span><span class=\"_fadeIn_m1hgl_8\">home <\/span><span class=\"_fadeIn_m1hgl_8\">25 <\/span><span class=\"_fadeIn_m1hgl_8\">villas <\/span><span class=\"_fadeIn_m1hgl_8\">luxurious, <\/span><span class=\"_fadeIn_m1hgl_8\">all <\/span><span class=\"_fadeIn_m1hgl_8\">with <\/span><span class=\"_fadeIn_m1hgl_8\">from <\/span><span class=\"_fadeIn_m1hgl_8\">swimming pools <\/span><span class=\"_fadeIn_m1hgl_8\">private, <\/span><span class=\"_fadeIn_m1hgl_8\">from <\/span><span class=\"_fadeIn_m1hgl_8\">gardens <\/span><span class=\"_fadeIn_m1hgl_8\">tropical <\/span><span class=\"_fadeIn_m1hgl_8\">and <\/span><span class=\"_fadeIn_m1hgl_8\">a <\/span><span class=\"_fadeIn_m1hgl_8\">view <\/span><span class=\"_fadeIn_m1hgl_8\">impregnable <\/span><span class=\"_fadeIn_m1hgl_8\">on <\/span><span class=\"_fadeIn_m1hgl_8\">the <\/span><span class=\"_fadeIn_m1hgl_8\">mount <\/span><span class=\"_fadeIn_m1hgl_8\">Agung <\/span><span class=\"_fadeIn_m1hgl_8\">or <\/span><span class=\"_fadeIn_m1hgl_8\">the <\/span><span class=\"_fadeIn_m1hgl_8\">bay <\/span><span class=\"_fadeIn_m1hgl_8\">from <\/span><span class=\"_fadeIn_m1hgl_8\">Gamat.<\/span><\/p>\n<p data-start=\"1493\" data-end=\"1854\"><span class=\"_fadeIn_m1hgl_8\">From <\/span><span class=\"_fadeIn_m1hgl_8\">the finish, <\/span><span class=\"_fadeIn_m1hgl_8\">the <\/span><span class=\"_fadeIn_m1hgl_8\">calm <\/span><span class=\"_fadeIn_m1hgl_8\">surrounding <\/span><span class=\"_fadeIn_m1hgl_8\">and <\/span><span class=\"_fadeIn_m1hgl_8\">reception <\/span><span class=\"_fadeIn_m1hgl_8\">warm <\/span><span class=\"_fadeIn_m1hgl_8\">invite <\/span><span class=\"_fadeIn_m1hgl_8\">\u00e0 <\/span><span class=\"_fadeIn_m1hgl_8\">the <\/span><span class=\"_fadeIn_m1hgl_8\">disconnection. <\/span><span class=\"_fadeIn_m1hgl_8\">The <\/span><span class=\"_fadeIn_m1hgl_8\">restaurant <\/span><strong data-start=\"1594\" data-end=\"1604\"><span class=\"_fadeIn_m1hgl_8\">K\u014cWHAI<\/span><\/strong> <span class=\"_fadeIn_m1hgl_8\">proposes <\/span><span class=\"_fadeIn_m1hgl_8\">a <\/span><span class=\"_fadeIn_m1hgl_8\">kitchen <\/span><span class=\"_fadeIn_m1hgl_8\">inventive <\/span><span class=\"_fadeIn_m1hgl_8\">inspired <\/span><span class=\"_fadeIn_m1hgl_8\">from <\/span><span class=\"_fadeIn_m1hgl_8\">the <\/span><span class=\"_fadeIn_m1hgl_8\">nature, <\/span><span class=\"_fadeIn_m1hgl_8\">while <\/span><span class=\"_fadeIn_m1hgl_8\">that <\/span><span class=\"_fadeIn_m1hgl_8\">the <\/span><strong data-start=\"1672\" data-end=\"1685\"><span class=\"_fadeIn_m1hgl_8\">bar <\/span><span class=\"_fadeIn_m1hgl_8\">AROHA<\/span><\/strong> <span class=\"_fadeIn_m1hgl_8\">offer <\/span><span class=\"_fadeIn_m1hgl_8\">from <\/span><span class=\"_fadeIn_m1hgl_8\">cocktails <\/span><span class=\"_fadeIn_m1hgl_8\">at <\/span><span class=\"_fadeIn_m1hgl_8\">bedtime <\/span><span class=\"_fadeIn_m1hgl_8\">from <\/span><span class=\"_fadeIn_m1hgl_8\">sunshine. <\/span><span class=\"_fadeIn_m1hgl_8\">The <\/span><strong data-start=\"1731\" data-end=\"1738\"><span class=\"_fadeIn_m1hgl_8\">spa<\/span><\/strong><span class=\"_fadeIn_m1hgl_8\">, <\/span><span class=\"_fadeIn_m1hgl_8\">the <\/span><span class=\"_fadeIn_m1hgl_8\">course <\/span><span class=\"_fadeIn_m1hgl_8\">from <\/span><span class=\"_fadeIn_m1hgl_8\">yoga <\/span><span class=\"_fadeIn_m1hgl_8\">at <\/span><span class=\"_fadeIn_m1hgl_8\">full <\/span><span class=\"_fadeIn_m1hgl_8\">air <\/span><span class=\"_fadeIn_m1hgl_8\">and <\/span><span class=\"_fadeIn_m1hgl_8\">the <\/span><span class=\"_fadeIn_m1hgl_8\">experiences <\/span><span class=\"_fadeIn_m1hgl_8\">cultural <\/span><span class=\"_fadeIn_m1hgl_8\">local <\/span><span class=\"_fadeIn_m1hgl_8\">come <\/span><span class=\"_fadeIn_m1hgl_8\">perfect <\/span><span class=\"_fadeIn_m1hgl_8\">this <\/span><span class=\"_fadeIn_m1hgl_8\">stay <\/span><span class=\"_fadeIn_m1hgl_8\">outside <\/span><span class=\"_fadeIn_m1hgl_8\">from <\/span><span class=\"_fadeIn_m1hgl_8\">time.<\/span><\/p>\n<p data-start=\"1856\" data-end=\"2121\"><span class=\"_fadeIn_m1hgl_8\">Visit <\/span><span class=\"_fadeIn_m1hgl_8\">at <\/span><span class=\"_fadeIn_m1hgl_8\">excursion <\/span><span class=\"_fadeIn_m1hgl_8\">at <\/span><span class=\"_fadeIn_m1hgl_8\">snorkeling <\/span><span class=\"_fadeIn_m1hgl_8\">or <\/span><span class=\"_fadeIn_m1hgl_8\">at <\/span><span class=\"_fadeIn_m1hgl_8\">diving <\/span><span class=\"_fadeIn_m1hgl_8\">for <\/span><span class=\"_fadeIn_m1hgl_8\">visit <\/span><span class=\"_fadeIn_m1hgl_8\">the <\/span><span class=\"_fadeIn_m1hgl_8\">wealth <\/span><span class=\"_fadeIn_m1hgl_8\">marine <\/span><span class=\"_fadeIn_m1hgl_8\">from <\/span><span class=\"_fadeIn_m1hgl_8\">Nusa <\/span><span class=\"_fadeIn_m1hgl_8\">Penida, <\/span><span class=\"_fadeIn_m1hgl_8\">or <\/span><span class=\"_fadeIn_m1hgl_8\">explore <\/span><span class=\"_fadeIn_m1hgl_8\">the <\/span><span class=\"_fadeIn_m1hgl_8\">villages <\/span><span class=\"_fadeIn_m1hgl_8\">surrounding areas <\/span><span class=\"_fadeIn_m1hgl_8\">and <\/span><span class=\"_fadeIn_m1hgl_8\">their <\/span><span class=\"_fadeIn_m1hgl_8\">traditions. <\/span><span class=\"_fadeIn_m1hgl_8\">\u00c0 <\/span><span class=\"_fadeIn_m1hgl_8\">M\u0100UA, <\/span><span class=\"_fadeIn_m1hgl_8\">each <\/span><span class=\"_fadeIn_m1hgl_8\">detail <\/span><span class=\"_fadeIn_m1hgl_8\">is <\/span><span class=\"_fadeIn_m1hgl_8\">thought <\/span><span class=\"_fadeIn_m1hgl_8\">for <\/span><span class=\"_fadeIn_m1hgl_8\">offer <\/span><span class=\"_fadeIn_m1hgl_8\">a <\/span><span class=\"_fadeIn_m1hgl_8\">experience <\/span><span class=\"_fadeIn_m1hgl_8\">holistic, <\/span><span class=\"_fadeIn_m1hgl_8\">intimate <\/span><span class=\"_fadeIn_m1hgl_8\">and <\/span><span class=\"_fadeIn_m1hgl_8\">deeply <\/span><span class=\"_fadeIn_m1hgl_8\">genuine.<\/span><\/p>\n<p data-start=\"2123\" data-end=\"2262\"><span class=\"_fadeIn_m1hgl_8\">M\u0100UA <\/span><span class=\"_fadeIn_m1hgl_8\">Nusa <\/span><span class=\"_fadeIn_m1hgl_8\">Penida <\/span><span class=\"_fadeIn_m1hgl_8\">is <\/span><span class=\"_fadeIn_m1hgl_8\">well <\/span><span class=\"_fadeIn_m1hgl_8\">more <\/span><span class=\"_fadeIn_m1hgl_8\">a <\/span><span class=\"_fadeIn_m1hgl_8\">simple <\/span><span class=\"_fadeIn_m1hgl_8\">hotel : <\/span><span class=\"_fadeIn_m1hgl_8\">is <\/span><span class=\"_fadeIn_m1hgl_8\">a <\/span><span class=\"_fadeIn_m1hgl_8\">retirement <\/span><span class=\"_fadeIn_m1hgl_8\">elegant <\/span><span class=\"_fadeIn_m1hgl_8\">for <\/span><span class=\"_fadeIn_m1hgl_8\">the <\/span><span class=\"_fadeIn_m1hgl_8\">travellers <\/span><span class=\"_fadeIn_m1hgl_8\">at <\/span><span class=\"_fadeIn_m1hgl_8\">search <\/span><span class=\"_fadeIn_m1hgl_8\">from <\/span><span class=\"_fadeIn_m1hgl_8\">beauty, <\/span><span class=\"_fadeIn_m1hgl_8\">from <\/span><span class=\"_fadeIn_m1hgl_8\">direction <\/span><span class=\"_fadeIn_m1hgl_8\">and <\/span><span class=\"_fadeIn_m1hgl_8\">from <\/span><span class=\"_fadeIn_m1hgl_8\">calm.<\/span><\/p>","protected":false},"excerpt":{"rendered":"<p><span class=\"_fadeIn_m1hgl_8\">Overlooking <\/span><span class=\"_fadeIn_m1hgl_8\">the <\/span><span class=\"_fadeIn_m1hgl_8\">water <\/span><span class=\"_fadeIn_m1hgl_8\">turquoise <\/span><span class=\"_fadeIn_m1hgl_8\">from <\/span><span class=\"_fadeIn_m1hgl_8\">the <\/span><span class=\"_fadeIn_m1hgl_8\">bay <\/span><span class=\"_fadeIn_m1hgl_8\">from <\/span><span class=\"_fadeIn_m1hgl_8\">Gamat, <\/span><span class=\"_fadeIn_m1hgl_8\">M\u0100UA <\/span><span class=\"_fadeIn_m1hgl_8\">Nusa <\/span><span class=\"_fadeIn_m1hgl_8\">Penida <\/span><span class=\"_fadeIn_m1hgl_8\">is <\/span><span class=\"_fadeIn_m1hgl_8\">a <\/span><span class=\"_fadeIn_m1hgl_8\">sanctuary <\/span><span class=\"_fadeIn_m1hgl_8\">from <\/span><span class=\"_fadeIn_m1hgl_8\">luxury <\/span><span class=\"_fadeIn_m1hgl_8\">nested <\/span><span class=\"_fadeIn_m1hgl_8\">in <\/span><span class=\"_fadeIn_m1hgl_8\">one <\/span><span class=\"_fadeIn_m1hgl_8\">from <\/span><span class=\"_fadeIn_m1hgl_8\">corners <\/span><span class=\"_fadeIn_m1hgl_8\">the <\/span><span class=\"_fadeIn_m1hgl_8\">more <\/span><span class=\"_fadeIn_m1hgl_8\">preserved <\/span><span class=\"_fadeIn_m1hgl_8\">from <\/span><span class=\"_fadeIn_m1hgl_8\">Bali. <\/span><span class=\"_fadeIn_m1hgl_8\">This <\/span><span class=\"_fadeIn_m1hgl_8\">resort <\/span><span class=\"_fadeIn_m1hgl_8\">five <\/span><span class=\"_fadeIn_m1hgl_8\">stars <\/span><span class=\"_fadeIn_m1hgl_8\">you <\/span><span class=\"_fadeIn_m1hgl_8\">promises <\/span><span class=\"_fadeIn_m1hgl_8\">a <\/span><span class=\"_fadeIn_m1hgl_8\">immersion <\/span><span class=\"_fadeIn_m1hgl_8\">total <\/span><span class=\"_fadeIn_m1hgl_8\">in <\/span><span class=\"_fadeIn_m1hgl_8\">the <\/span><span class=\"_fadeIn_m1hgl_8\">beauty <\/span><span class=\"_fadeIn_m1hgl_8\">gross <\/span><span class=\"_fadeIn_m1hgl_8\">from <\/span><span class=\"_fadeIn_m1hgl_8\">the island, <\/span><span class=\"_fadeIn_m1hgl_8\">between <\/span><span class=\"_fadeIn_m1hgl_8\">panoramas <\/span><span class=\"_fadeIn_m1hgl_8\">\u00e0 <\/span><span class=\"_fadeIn_m1hgl_8\">cut <\/span><span class=\"_fadeIn_m1hgl_8\">the <\/span><span class=\"_fadeIn_m1hgl_8\">breath <\/span><span class=\"_fadeIn_m1hgl_8\">and <\/span><span class=\"_fadeIn_m1hgl_8\">peace of mind <\/span><span class=\"_fadeIn_m1hgl_8\">absolute. <\/span><span class=\"_fadeIn_m1hgl_8\">Each <\/span><span class=\"_fadeIn_m1hgl_8\">villa, <\/span><span class=\"_fadeIn_m1hgl_8\">with <\/span><span class=\"_fadeIn_m1hgl_8\">its <\/span><span class=\"_fadeIn_m1hgl_8\">pool <\/span><span class=\"_fadeIn_m1hgl_8\">private <\/span><span class=\"_fadeIn_m1hgl_8\">and <\/span><span class=\"_fadeIn_m1hgl_8\">sound <\/span><span class=\"_fadeIn_m1hgl_8\">garden <\/span><span class=\"_fadeIn_m1hgl_8\">tropical, <\/span><span class=\"_fadeIn_m1hgl_8\">embodies <\/span><span class=\"_fadeIn_m1hgl_8\">elegance <\/span><span class=\"_fadeIn_m1hgl_8\">discreet <\/span><span class=\"_fadeIn_m1hgl_8\">and <\/span><span class=\"_fadeIn_m1hgl_8\">harmony <\/span><span class=\"_fadeIn_m1hgl_8\">with <\/span><span class=\"_fadeIn_m1hgl_8\">the <\/span><span class=\"_fadeIn_m1hgl_8\">nature.<\/span><\/p>","protected":false},"featured_media":16812,"template":"","meta":{"_acf_changed":false},"breeziful_position":[],"product_brand":[],"product_cat":[427,422,429,426],"product_tag":[],"position":[83],"class_list":{"0":"post-16800","1":"product","2":"type-product","3":"status-publish","4":"has-post-thumbnail","6":"product_cat-destinations","7":"product_cat-formule","8":"product_cat-indonesie-2","9":"product_cat-sejour","10":"position-destination-de-predilection","12":"first","13":"instock","14":"sale","15":"shipping-taxable","16":"purchasable","17":"product-type-simple"},"acf":{"duree":"4 Nuits","slogan_affiche":"Luxe et s\u00e9r\u00e9nit\u00e9 au c\u0153ur de Nusa Penida.","titre_produit_principal":"Bienvenue dans votre havre de paix balinais.","texte_bon_plan":"Entre jungle luxuriante et vues oc\u00e9anes \u00e9poustouflantes.","type_de_tarification":"Par Chambre","tarification":"Tarification Pack","video":null,"priorite_du_produit":7,"nombre_personne":["2"],"max_par_quantite":2,"type_de_sejour":"Luxe","type_de_chambre":["Chambre Double"],"date_arrivee":"","reduction":"- 25%","pension":"En petit d\u00e9jeuner","localisation_ville":"Nusa Penida - Bali","condition-de-loffre":"<p data-start=\"36\" data-end=\"65\"><strong data-start=\"38\" data-end=\"61\">Inclus dans l\u2019offre<\/strong>\u00a0:<\/p>\r\n\r\n<ul data-start=\"66\" data-end=\"254\">\r\n \t<li data-start=\"66\" data-end=\"129\">H\u00e9bergement en chambre Junior Suite.<\/li>\r\n \t<li data-start=\"130\" data-end=\"159\">Petit-d\u00e9jeuner quotidien.<\/li>\r\n \t<li data-start=\"160\" data-end=\"201\">Acc\u00e8s aux espaces communs et jardins.<\/li>\r\n \t<li data-start=\"232\" data-end=\"254\">Parking sur place.<\/li>\r\n<\/ul>","condition_annulation":"Les offres sont\u00a0<strong data-start=\"4820\" data-end=\"4865\">100% non remboursables et non modifiables<\/strong>, \u00e9tant des tarifs sp\u00e9ciaux.<br data-start=\"4893\" data-end=\"4896\" \/>Les r\u00e9servations seront confirm\u00e9es sous\u00a0<strong data-start=\"4936\" data-end=\"4987\">72 heures apr\u00e8s v\u00e9rification des disponibilit\u00e9s<\/strong>.<br data-start=\"4988\" data-end=\"4991\" \/>Un e-mail de confirmation sera envoy\u00e9 une fois la r\u00e9servation valid\u00e9e. En cas d\u2019indisponibilit\u00e9, un\u00a0<strong data-start=\"5091\" data-end=\"5117\">remboursement int\u00e9gral<\/strong>\u00a0sera effectu\u00e9.","nom_du_partenaire":[16557],"contrat":[16560]},"aioseo_notices":[],"_links":{"self":[{"href":"https:\/\/v2.breeziful.com\/en\/wp-json\/wp\/v2\/product\/16800","targetHints":{"allow":["GET"]}}],"collection":[{"href":"https:\/\/v2.breeziful.com\/en\/wp-json\/wp\/v2\/product"}],"about":[{"href":"https:\/\/v2.breeziful.com\/en\/wp-json\/wp\/v2\/types\/product"}],"version-history":[{"count":7,"href":"https:\/\/v2.breeziful.com\/en\/wp-json\/wp\/v2\/product\/16800\/revisions"}],"predecessor-version":[{"id":18638,"href":"https:\/\/v2.breeziful.com\/en\/wp-json\/wp\/v2\/product\/16800\/revisions\/18638"}],"acf:post":[{"embeddable":true,"href":"https:\/\/v2.breeziful.com\/en\/wp-json\/wp\/v2\/contracts\/16560"},{"embeddable":true,"href":"https:\/\/v2.breeziful.com\/en\/wp-json\/wp\/v2\/prestataires\/16557"}],"wp:featuredmedia":[{"embeddable":true,"href":"https:\/\/v2.breeziful.com\/en\/wp-json\/wp\/v2\/media\/16812"}],"wp:attachment":[{"href":"https:\/\/v2.breeziful.com\/en\/wp-json\/wp\/v2\/media?parent=16800"}],"wp:term":[{"taxonomy":"breeziful_position","embeddable":true,"href":"https:\/\/v2.breeziful.com\/en\/wp-json\/wp\/v2\/breeziful_position?post=16800"},{"taxonomy":"product_brand","embeddable":true,"href":"https:\/\/v2.breeziful.com\/en\/wp-json\/wp\/v2\/product_brand?post=16800"},{"taxonomy":"product_cat","embeddable":true,"href":"https:\/\/v2.breeziful.com\/en\/wp-json\/wp\/v2\/product_cat?post=16800"},{"taxonomy":"product_tag","embeddable":true,"href":"https:\/\/v2.breeziful.com\/en\/wp-json\/wp\/v2\/product_tag?post=16800"},{"taxonomy":"position","embeddable":true,"href":"https:\/\/v2.breeziful.com\/en\/wp-json\/wp\/v2\/position?post=16800"}],"curies":[{"name":"wp","href":"https:\/\/api.w.org\/{rel}","templated":true}]}}