

{"id":18578,"date":"2025-07-23T15:45:26","date_gmt":"2025-07-23T13:45:26","guid":{"rendered":"https:\/\/v2.breeziful.com\/?post_type=product&#038;p=18578"},"modified":"2026-04-13T17:20:40","modified_gmt":"2026-04-13T15:20:40","slug":"domaine-le-mouflon-dor-5-chambre-leccia","status":"publish","type":"product","link":"https:\/\/v2.breeziful.com\/en\/product\/domaine-le-mouflon-dor-5-chambre-leccia\/","title":{"rendered":"Domaine Le mouflon d'or 5* - Chambre LECCIA"},"content":{"rendered":"<p data-start=\"398\" data-end=\"844\">Nestled in the picturesque village of <strong data-start=\"436\" data-end=\"445\">Zonza<\/strong>at the foot of the majestic <strong data-start=\"472\" data-end=\"496\">Aiguilles de Bavella<\/strong> and in the heart of Corsica's Regional Nature Park, the <strong data-start=\"546\" data-end=\"573\">Domaine Le Mouflon d'Or<\/strong> is a charming hotel that combines Corsican heritage with contemporary refinement.<br data-start=\"653\" data-end=\"656\" \/>Just 40 minutes from the beaches and 45 minutes from Porto-Vecchio, it offers a perfect balance between sea and mountains, allowing visitors to experience Corsica in all its diversity.<\/p>\n<p data-start=\"846\" data-end=\"1252\">With its <strong data-start=\"855\" data-end=\"880\">20 rooms and suites<\/strong> and its <strong data-start=\"895\" data-end=\"910\">2 sheepfolds<\/strong>the establishment is distinguished by its style <strong data-start=\"955\" data-end=\"970\">casual-chic<\/strong> Natural materials, carefully sourced antiques, bespoke furniture and top-of-the-range fabrics create a warm, elegant ambience.<br data-start=\"1115\" data-end=\"1118\" \/>Here, luxury is measured by the quality of human relations, the sincerity of the welcome and the authenticity of the experiences on offer.<\/p>\n<h3 data-start=\"1254\" data-end=\"1282\">Services &amp; facilities<\/h3>\n<ul data-start=\"1283\" data-end=\"1553\">\n<li data-start=\"1283\" data-end=\"1312\">\n<p data-start=\"1285\" data-end=\"1312\">Heated outdoor swimming pool<\/p>\n<\/li>\n<li data-start=\"1313\" data-end=\"1345\">\n<p data-start=\"1315\" data-end=\"1345\">Restaurant <strong data-start=\"1326\" data-end=\"1338\">A Nepita<\/strong> and bar<\/p>\n<\/li>\n<li data-start=\"1346\" data-end=\"1366\">\n<p data-start=\"1348\" data-end=\"1366\">Pool bar in season<\/p>\n<\/li>\n<li data-start=\"1367\" data-end=\"1409\">\n<p data-start=\"1369\" data-end=\"1409\">Concierge services and organisation of activities<\/p>\n<\/li>\n<li data-start=\"1410\" data-end=\"1461\">\n<p data-start=\"1412\" data-end=\"1461\">Wellness area with treatments and products <strong data-start=\"1452\" data-end=\"1461\">Nucca<\/strong><\/p>\n<\/li>\n<li data-start=\"1462\" data-end=\"1495\">\n<p data-start=\"1464\" data-end=\"1495\">Private events and seminars<\/p>\n<\/li>\n<li data-start=\"1496\" data-end=\"1553\">\n<p data-start=\"1498\" data-end=\"1553\">Cultural and sporting activities in local partnership<\/p>\n<\/li>\n<\/ul>\n<p data-start=\"1555\" data-end=\"1755\">Domaine Le Mouflon d'Or embodies four strong values: <strong data-start=\"1614\" data-end=\"1630\">Authenticity<\/strong>, <strong data-start=\"1632\" data-end=\"1643\">Quality<\/strong>, <strong data-start=\"1645\" data-end=\"1656\">Share<\/strong> and <strong data-start=\"1660\" data-end=\"1672\">Loyalty<\/strong> - for a stay that goes beyond simple accommodation and becomes a lasting memory.<\/p>\n<hr data-start=\"1757\" data-end=\"1760\" \/>\n<h2 data-start=\"1762\" data-end=\"1818\">Chambre Leccia - A cocoon of serenity with a wooded view<\/h2>\n<p data-start=\"1820\" data-end=\"2100\">With a surface area of <strong data-start=\"1840\" data-end=\"1849\">26 m\u00b2<\/strong>the <strong data-start=\"1854\" data-end=\"1872\">Leccia room<\/strong> has been designed for two people in search of privacy and comfort. Bathed in light from the very first rays of sunshine, it opens onto a large living room. <strong data-start=\"2016\" data-end=\"2030\">wooded view<\/strong> ideal for recharging your batteries after a day's exploring.<\/p>\n<h3 data-start=\"2102\" data-end=\"2131\">Room facilities<\/h3>\n<ul data-start=\"2132\" data-end=\"2350\">\n<li data-start=\"2132\" data-end=\"2165\">\n<p data-start=\"2134\" data-end=\"2165\">Queen-size bed (maximum 2 people)<\/p>\n<\/li>\n<li data-start=\"2166\" data-end=\"2194\">\n<p data-start=\"2168\" data-end=\"2194\">Individual air conditioning<\/p>\n<\/li>\n<li data-start=\"2195\" data-end=\"2221\">\n<p data-start=\"2197\" data-end=\"2221\">Free high-speed Wi-Fi<\/p>\n<\/li>\n<li data-start=\"2222\" data-end=\"2254\">\n<p data-start=\"2224\" data-end=\"2254\">Satellite TV, telephone, radio<\/p>\n<\/li>\n<li data-start=\"2255\" data-end=\"2275\">\n<p data-start=\"2257\" data-end=\"2275\">Desk with chair<\/p>\n<\/li>\n<li data-start=\"2276\" data-end=\"2289\">\n<p data-start=\"2278\" data-end=\"2289\">Safe<\/p>\n<\/li>\n<li data-start=\"2290\" data-end=\"2299\">\n<p data-start=\"2292\" data-end=\"2299\">Minibar<\/p>\n<\/li>\n<li data-start=\"2300\" data-end=\"2329\">\n<p data-start=\"2302\" data-end=\"2329\">Kettle \/ coffee machine<\/p>\n<\/li>\n<li data-start=\"2330\" data-end=\"2350\">\n<p data-start=\"2332\" data-end=\"2350\">Non-smoking rooms<\/p>\n<\/li>\n<\/ul>\n<h3 data-start=\"2352\" data-end=\"2379\">Bathroom &amp; comfort<\/h3>\n<ul data-start=\"2380\" data-end=\"2531\">\n<li data-start=\"2380\" data-end=\"2396\">\n<p data-start=\"2382\" data-end=\"2396\">Separate shower<\/p>\n<\/li>\n<li data-start=\"2397\" data-end=\"2412\">\n<p data-start=\"2399\" data-end=\"2412\">Double washbasin<\/p>\n<\/li>\n<li data-start=\"2413\" data-end=\"2438\">\n<p data-start=\"2415\" data-end=\"2438\">Separate toilets<\/p>\n<\/li>\n<li data-start=\"2439\" data-end=\"2461\">\n<p data-start=\"2441\" data-end=\"2461\">Courtesy mirror<\/p>\n<\/li>\n<li data-start=\"2462\" data-end=\"2486\">\n<p data-start=\"2464\" data-end=\"2486\">Bathrobes and slippers<\/p>\n<\/li>\n<li data-start=\"2487\" data-end=\"2515\">\n<p data-start=\"2489\" data-end=\"2515\">Bath products <strong data-start=\"2506\" data-end=\"2515\">Nucca<\/strong><\/p>\n<\/li>\n<li data-start=\"2516\" data-end=\"2531\">\n<p data-start=\"2518\" data-end=\"2531\">Hair dryer<\/p>\n<\/li>\n<\/ul>","protected":false},"excerpt":{"rendered":"<p data-start=\"336\" data-end=\"743\"><strong>Immerse yourself in a wild and refined setting, at the gateway to the Aiguilles de Bavella.<\/strong><\/p>\n<p>In the deep silence of Corsica's forests, where century-old chestnut trees reach for the sky and the scent of the maquis wafts in every breath of wind, Le Mouflon d'Or opens its doors to you. This former patrician residence, fully restored and transformed into a 5-star Relais &amp; Ch\u00e2teaux hotel, majestically embodies the soul of the Isle of Beauty. This is your home, a discreet and sublime refuge.<\/p>\n<p data-start=\"745\" data-end=\"1139\">Between tradition and modernity, discreet luxury and island spirit, this confidential address in the Alta Rocca invites you on a sensory journey, to encounter a rugged and powerful territory. The murmur of springs, the warm stones of the caseddu, the endless panoramas of the Aiguilles de Bavella: every night spent at Le Mouflon d'Or is a celebration of Corsican nature and culture.<\/p>","protected":false},"featured_media":18581,"template":"","meta":{"_acf_changed":false},"breeziful_position":[],"product_brand":[],"product_cat":[427,422,485,426],"product_tag":[],"position":[],"class_list":{"0":"post-18578","1":"product","2":"type-product","3":"status-publish","4":"has-post-thumbnail","6":"product_cat-destinations","7":"product_cat-formule","8":"product_cat-france","9":"product_cat-sejour","11":"first","12":"instock","13":"sale","14":"shipping-taxable","15":"purchasable","16":"product-type-simple"},"acf":{"duree":"A partir d'1 nuit","slogan_affiche":"\u00c9veillez vos sens au c\u0153ur du maquis corse.","titre_produit_principal":"Bienvenue au Mouflon d\u2019Or, l\u00e0 o\u00f9 la Corse s\u2019incarne.","texte_bon_plan":"Bergerie, lumi\u00e8re, montagne : luxe en pleine nature.","type_de_tarification":"Par Nuit","tarification":"Tarification Unitaire","video":19279,"priorite_du_produit":1,"nombre_personne":["2"],"max_par_quantite":2,"type_de_sejour":"Privatif","type_de_chambre":"","date_arrivee":"","reduction":"-40%","pension":"En petit d\u00e9jeuner","localisation_ville":"Corse - Pian di Santo","condition-de-loffre":"<h3 data-start=\"3573\" data-end=\"3596\">Ce qui est inclus :<\/h3>\r\n<ul data-start=\"3597\" data-end=\"3934\">\r\n \t<li data-start=\"3597\" data-end=\"3665\">\r\n<p data-start=\"3599\" data-end=\"3665\">Nuits en chambres sup\u00e9rieurs LECCIA<\/p>\r\n<\/li>\r\n \t<li data-start=\"3666\" data-end=\"3717\">\r\n<p data-start=\"3668\" data-end=\"3717\">Petit-d\u00e9jeuner gourmand servi au restaurant<\/p>\r\n<\/li>\r\n \t<li data-start=\"3718\" data-end=\"3771\">\r\n<p data-start=\"3720\" data-end=\"3771\">Acc\u00e8s libre aux jardins et aux espaces d\u00e9tente<\/p>\r\n<\/li>\r\n \t<li data-start=\"3772\" data-end=\"3837\">\r\n<p data-start=\"3774\" data-end=\"3837\">Point de d\u00e9part de randonn\u00e9es et suggestions d\u2019itin\u00e9raires<\/p>\r\n<\/li>\r\n \t<li data-start=\"3838\" data-end=\"3915\">\r\n<p data-start=\"3840\" data-end=\"3915\">Mise \u00e0 disposition de paniers pique-nique (sur demande, en suppl\u00e9ment)<\/p>\r\n<\/li>\r\n \t<li data-start=\"3916\" data-end=\"3934\">\r\n<p data-start=\"3918\" data-end=\"3934\">Parking priv\u00e9<\/p>\r\n<\/li>\r\n<\/ul>\r\n<h3 data-start=\"3936\" data-end=\"3965\">Ce qui n\u2019est pas inclus :<\/h3>\r\n<ul data-start=\"3966\" data-end=\"4220\">\r\n \t<li data-start=\"3966\" data-end=\"4021\">\r\n<p data-start=\"3968\" data-end=\"4021\">D\u00e9jeuners et d\u00eeners (hors petit-d\u00e9jeuner inclus)<\/p>\r\n<\/li>\r\n \t<li data-start=\"4022\" data-end=\"4085\">\r\n<p data-start=\"4024\" data-end=\"4085\">Activit\u00e9s sportives guid\u00e9es (escalade, canyoning, etc.)<\/p>\r\n<\/li>\r\n \t<li data-start=\"4086\" data-end=\"4125\">\r\n<p data-start=\"4088\" data-end=\"4125\">Transfert vers\/depuis le domaine<\/p>\r\n<\/li>\r\n \t<li data-start=\"4126\" data-end=\"4175\">\r\n<p data-start=\"4128\" data-end=\"4175\">Soins et massages (selon disponibilit\u00e9)<\/p>\r\n<\/li>\r\n \t<li data-start=\"4176\" data-end=\"4220\">\r\n<p data-start=\"4178\" data-end=\"4220\">Paniers pique-nique (en option payante)<\/p>\r\n<\/li>\r\n<\/ul>","condition_annulation":"Toutes nos offres sont <strong data-start=\"3579\" data-end=\"3625\">100 % non remboursables et non modifiables<\/strong>, en raison de leur caract\u00e8re promotionnel.<br data-start=\"3668\" data-end=\"3671\" \/>La <strong data-start=\"3674\" data-end=\"3722\">confirmation de r\u00e9servation se fait sous 72h<\/strong> apr\u00e8s v\u00e9rification de la disponibilit\u00e9.<br data-start=\"3762\" data-end=\"3765\" \/>Vous recevrez un e-mail de confirmation.<br data-start=\"3805\" data-end=\"3808\" \/>En cas d\u2019indisponibilit\u00e9, <strong data-start=\"3834\" data-end=\"3878\">un remboursement int\u00e9gral sera effectu\u00e9.<\/strong>","nom_du_partenaire":[18555],"contrat":[18560]},"aioseo_notices":[],"_links":{"self":[{"href":"https:\/\/v2.breeziful.com\/en\/wp-json\/wp\/v2\/product\/18578","targetHints":{"allow":["GET"]}}],"collection":[{"href":"https:\/\/v2.breeziful.com\/en\/wp-json\/wp\/v2\/product"}],"about":[{"href":"https:\/\/v2.breeziful.com\/en\/wp-json\/wp\/v2\/types\/product"}],"version-history":[{"count":14,"href":"https:\/\/v2.breeziful.com\/en\/wp-json\/wp\/v2\/product\/18578\/revisions"}],"predecessor-version":[{"id":21033,"href":"https:\/\/v2.breeziful.com\/en\/wp-json\/wp\/v2\/product\/18578\/revisions\/21033"}],"acf:post":[{"embeddable":true,"href":"https:\/\/v2.breeziful.com\/en\/wp-json\/wp\/v2\/contracts\/18560"},{"embeddable":true,"href":"https:\/\/v2.breeziful.com\/en\/wp-json\/wp\/v2\/prestataires\/18555"}],"wp:featuredmedia":[{"embeddable":true,"href":"https:\/\/v2.breeziful.com\/en\/wp-json\/wp\/v2\/media\/18581"}],"wp:attachment":[{"href":"https:\/\/v2.breeziful.com\/en\/wp-json\/wp\/v2\/media?parent=18578"}],"wp:term":[{"taxonomy":"breeziful_position","embeddable":true,"href":"https:\/\/v2.breeziful.com\/en\/wp-json\/wp\/v2\/breeziful_position?post=18578"},{"taxonomy":"product_brand","embeddable":true,"href":"https:\/\/v2.breeziful.com\/en\/wp-json\/wp\/v2\/product_brand?post=18578"},{"taxonomy":"product_cat","embeddable":true,"href":"https:\/\/v2.breeziful.com\/en\/wp-json\/wp\/v2\/product_cat?post=18578"},{"taxonomy":"product_tag","embeddable":true,"href":"https:\/\/v2.breeziful.com\/en\/wp-json\/wp\/v2\/product_tag?post=18578"},{"taxonomy":"position","embeddable":true,"href":"https:\/\/v2.breeziful.com\/en\/wp-json\/wp\/v2\/position?post=18578"}],"curies":[{"name":"wp","href":"https:\/\/api.w.org\/{rel}","templated":true}]}}